{"id":32349,"date":"2022-11-29T21:02:52","date_gmt":"2022-11-29T21:02:52","guid":{"rendered":"https:\/\/psoecanarias.com\/web\/?page_id=32349"},"modified":"2026-01-19T12:34:55","modified_gmt":"2026-01-19T12:34:55","slug":"informacion-economica-y-financiera","status":"publish","type":"page","link":"https:\/\/psoecanarias.com\/web\/informacion-economica-y-financiera\/","title":{"rendered":"Informaci\u00f3n econ\u00f3mico-financiera"},"content":{"rendered":"\n<div class=\"wp-block-columns styled_boxes has-white-background-color has-background is-layout-flex wp-container-core-columns-is-layout-9d6595d7 wp-block-columns-is-layout-flex\">\n<div class=\"wp-block-column has-white-color has-text-color has-background is-layout-flow wp-block-column-is-layout-flow\" style=\"background-color:#ed1c24\">\n<h2 class=\"wp-block-heading has-white-color has-text-color\"><strong>Informaci\u00f3n presupuestaria y contable<\/strong><\/h2>\n\n\n\n<div class=\"wp-block-buttons is-layout-flex wp-block-buttons-is-layout-flex\">\n<div class=\"wp-block-button\"><a class=\"wp-block-button__link wp-element-button\" href=\"https:\/\/psoecanarias.com\/web\/informacion-presupuestaria-y-contable\/\" target=\"_blank\" rel=\"noreferrer noopener\">Leer<\/a><\/div>\n<\/div>\n<\/div>\n\n\n\n<div class=\"wp-block-column has-white-color has-text-color has-background is-layout-flow wp-block-column-is-layout-flow\" style=\"background-color:#ed1c24\">\n<h2 class=\"wp-block-heading has-white-color has-text-color\"><strong>Contratos, convenios y encomiendas de gesti\u00f3n<\/strong><\/h2>\n\n\n\n<div class=\"wp-block-buttons is-layout-flex wp-block-buttons-is-layout-flex\">\n<div class=\"wp-block-button\"><a class=\"wp-block-button__link wp-element-button\" href=\"https:\/\/psoecanarias.com\/web\/contratos-convenios-y-encomiendas-de-gestion\/\" target=\"_blank\" rel=\"noreferrer noopener\">Leer<\/a><\/div>\n<\/div>\n<\/div>\n\n\n\n<div class=\"wp-block-column has-white-color has-text-color has-background is-layout-flow wp-block-column-is-layout-flow\" style=\"background-color:#ed1c24\">\n<h2 class=\"wp-block-heading has-white-color has-text-color\"><strong>Informes de auditor\u00eda de cuentas<\/strong><\/h2>\n\n\n\n<div class=\"wp-block-buttons is-layout-flex wp-block-buttons-is-layout-flex\">\n<div class=\"wp-block-button\"><a class=\"wp-block-button__link wp-element-button\" href=\"https:\/\/psoecanarias.com\/web\/informes-de-auditoria-de-cuentas\/\" target=\"_blank\" rel=\"noreferrer noopener\">Leer<\/a><\/div>\n<\/div>\n<\/div>\n\n\n\n<div class=\"wp-block-column has-white-color has-text-color has-background is-layout-flow wp-block-column-is-layout-flow\" style=\"background-color:#ed1c24\">\n<h2 class=\"wp-block-heading has-white-color has-text-color\"><strong>Retribuciones<\/strong><\/h2>\n\n\n\n<div class=\"wp-block-buttons is-layout-flex wp-block-buttons-is-layout-flex\">\n<div class=\"wp-block-button\"><a class=\"wp-block-button__link wp-element-button\" href=\"https:\/\/psoecanarias.com\/web\/retribuciones-3\" target=\"_blank\" rel=\"noreferrer noopener\">Leer<\/a><\/div>\n<\/div>\n<\/div>\n<\/div>\n\n\n\n<div class=\"wp-block-columns styled_boxes has-white-background-color has-background is-layout-flex wp-container-core-columns-is-layout-9d6595d7 wp-block-columns-is-layout-flex\">\n<div class=\"wp-block-column has-white-color has-text-color has-background is-layout-flow wp-block-column-is-layout-flow\" style=\"background-color:#ed1c24\">\n<h2 class=\"wp-block-heading has-white-color has-text-color\"><strong>Cuentas <\/strong><br><strong>anuales<\/strong><\/h2>\n\n\n\n<div class=\"wp-block-buttons is-layout-flex wp-block-buttons-is-layout-flex\">\n<div class=\"wp-block-button\"><a class=\"wp-block-button__link wp-element-button\" href=\"https:\/\/psoecanarias.com\/web\/cuentas-anuales\/\" target=\"_blank\" rel=\"noreferrer noopener\">Leer<\/a><\/div>\n<\/div>\n<\/div>\n\n\n\n<div class=\"wp-block-column has-white-color has-text-color has-background is-layout-flow wp-block-column-is-layout-flow\" style=\"background-color:#ed1c24\">\n<h2 class=\"wp-block-heading has-white-color has-text-color\"><strong>Instrucciones de contrataci\u00f3n<\/strong><\/h2>\n\n\n\n<div class=\"wp-block-buttons is-layout-flex wp-block-buttons-is-layout-flex\">\n<div class=\"wp-block-button\"><a class=\"wp-block-button__link wp-element-button\" href=\"https:\/\/psoecanarias.com\/web\/instrucciones-de-contratacion\/\" target=\"_blank\" rel=\"noreferrer noopener\">Leer<\/a><\/div>\n<\/div>\n<\/div>\n\n\n\n<div class=\"wp-block-column has-white-color has-text-color has-background is-layout-flow wp-block-column-is-layout-flow\" style=\"background-color:#ed1c24\">\n<h2 class=\"wp-block-heading has-white-color has-text-color\"><strong>Ayudas y subvenciones<\/strong><\/h2>\n\n\n\n<div class=\"wp-block-buttons is-layout-flex wp-block-buttons-is-layout-flex\">\n<div class=\"wp-block-button\"><a class=\"wp-block-button__link wp-element-button\" href=\"https:\/\/psoecanarias.com\/web\/ayudas-y-subvenciones\/\" target=\"_blank\" rel=\"noreferrer noopener\">Leer<\/a><\/div>\n<\/div>\n<\/div>\n\n\n\n<div class=\"wp-block-column has-white-color has-text-color has-background is-layout-flow wp-block-column-is-layout-flow\" style=\"background-color:#ed1c24\">\n<h2 class=\"wp-block-heading has-white-color has-text-color\"><strong>Pr\u00e9stamos y deudas<\/strong><\/h2>\n\n\n\n<div class=\"wp-block-buttons is-layout-flex wp-block-buttons-is-layout-flex\">\n<div class=\"wp-block-button\"><a class=\"wp-block-button__link wp-element-button\" href=\"https:\/\/psoecanarias.com\/web\/prestamos-y-deudas\/\" target=\"_blank\" rel=\"noreferrer noopener\">Leer<\/a><\/div>\n<\/div>\n<\/div>\n<\/div>\n","protected":false},"excerpt":{"rendered":"<p>Informaci\u00f3n presupuestaria y contable Contratos, convenios y encomiendas de gesti\u00f3n Informes de auditor\u00eda de cuentas Retribuciones Cuentas anuales Instrucciones de contrataci\u00f3n Ayudas y subvenciones Pr\u00e9stamos y deudas<\/p>\n","protected":false},"author":1,"featured_media":8406,"parent":0,"menu_order":0,"comment_status":"closed","ping_status":"closed","template":"","meta":{"footnotes":""},"class_list":["post-32349","page","type-page","status-publish","has-post-thumbnail","hentry"],"featured_image_src":"https:\/\/psoecanarias.com\/web\/wp-content\/uploads\/2020\/03\/thumb_noimages.jpg","yoast_head":"<!-- This site is optimized with the Yoast SEO plugin v27.2 - https:\/\/yoast.com\/product\/yoast-seo-wordpress\/ -->\n<title>Informaci\u00f3n econ\u00f3mico-financiera | PSOE Canarias<\/title>\n<meta name=\"robots\" content=\"index, follow, max-snippet:-1, max-image-preview:large, max-video-preview:-1\" \/>\n<link rel=\"canonical\" href=\"https:\/\/psoecanarias.com\/web\/informacion-economica-y-financiera\/\" \/>\n<meta property=\"og:locale\" content=\"es_ES\" \/>\n<meta property=\"og:type\" content=\"article\" \/>\n<meta property=\"og:title\" content=\"Informaci\u00f3n econ\u00f3mico-financiera | PSOE Canarias\" \/>\n<meta property=\"og:description\" content=\"Informaci\u00f3n presupuestaria y contable Contratos, convenios y encomiendas de gesti\u00f3n Informes de auditor\u00eda de cuentas Retribuciones Cuentas anuales Instrucciones de contrataci\u00f3n Ayudas y subvenciones Pr\u00e9stamos y deudas\" \/>\n<meta property=\"og:url\" content=\"https:\/\/psoecanarias.com\/web\/informacion-economica-y-financiera\/\" \/>\n<meta property=\"og:site_name\" content=\"PSOE Canarias\" \/>\n<meta property=\"article:modified_time\" content=\"2026-01-19T12:34:55+00:00\" \/>\n<meta name=\"twitter:card\" content=\"summary_large_image\" \/>\n<script type=\"application\/ld+json\" class=\"yoast-schema-graph\">{\"@context\":\"https:\/\/schema.org\",\"@graph\":[{\"@type\":\"WebPage\",\"@id\":\"https:\/\/psoecanarias.com\/web\/informacion-economica-y-financiera\/\",\"url\":\"https:\/\/psoecanarias.com\/web\/informacion-economica-y-financiera\/\",\"name\":\"Informaci\u00f3n econ\u00f3mico-financiera | PSOE Canarias\",\"isPartOf\":{\"@id\":\"https:\/\/psoecanarias.com\/web\/#website\"},\"primaryImageOfPage\":{\"@id\":\"https:\/\/psoecanarias.com\/web\/informacion-economica-y-financiera\/#primaryimage\"},\"image\":{\"@id\":\"https:\/\/psoecanarias.com\/web\/informacion-economica-y-financiera\/#primaryimage\"},\"thumbnailUrl\":\"https:\/\/psoecanarias.com\/web\/wp-content\/uploads\/2020\/03\/thumb_noimages.jpg\",\"datePublished\":\"2022-11-29T21:02:52+00:00\",\"dateModified\":\"2026-01-19T12:34:55+00:00\",\"breadcrumb\":{\"@id\":\"https:\/\/psoecanarias.com\/web\/informacion-economica-y-financiera\/#breadcrumb\"},\"inLanguage\":\"es\",\"potentialAction\":[{\"@type\":\"ReadAction\",\"target\":[\"https:\/\/psoecanarias.com\/web\/informacion-economica-y-financiera\/\"]}]},{\"@type\":\"ImageObject\",\"inLanguage\":\"es\",\"@id\":\"https:\/\/psoecanarias.com\/web\/informacion-economica-y-financiera\/#primaryimage\",\"url\":\"https:\/\/psoecanarias.com\/web\/wp-content\/uploads\/2020\/03\/thumb_noimages.jpg\",\"contentUrl\":\"https:\/\/psoecanarias.com\/web\/wp-content\/uploads\/2020\/03\/thumb_noimages.jpg\",\"width\":303,\"height\":200},{\"@type\":\"BreadcrumbList\",\"@id\":\"https:\/\/psoecanarias.com\/web\/informacion-economica-y-financiera\/#breadcrumb\",\"itemListElement\":[{\"@type\":\"ListItem\",\"position\":1,\"name\":\"Portada\",\"item\":\"https:\/\/psoecanarias.com\/web\/\"},{\"@type\":\"ListItem\",\"position\":2,\"name\":\"Informaci\u00f3n econ\u00f3mico-financiera\"}]},{\"@type\":\"WebSite\",\"@id\":\"https:\/\/psoecanarias.com\/web\/#website\",\"url\":\"https:\/\/psoecanarias.com\/web\/\",\"name\":\"PSOE Canarias\",\"description\":\"Partido Socialista Obrero Espa\u00f1ol Canarias\",\"potentialAction\":[{\"@type\":\"SearchAction\",\"target\":{\"@type\":\"EntryPoint\",\"urlTemplate\":\"https:\/\/psoecanarias.com\/web\/?s={search_term_string}\"},\"query-input\":{\"@type\":\"PropertyValueSpecification\",\"valueRequired\":true,\"valueName\":\"search_term_string\"}}],\"inLanguage\":\"es\"}]}<\/script>\n<!-- \/ Yoast SEO plugin. -->","yoast_head_json":{"title":"Informaci\u00f3n econ\u00f3mico-financiera | PSOE Canarias","robots":{"index":"index","follow":"follow","max-snippet":"max-snippet:-1","max-image-preview":"max-image-preview:large","max-video-preview":"max-video-preview:-1"},"canonical":"https:\/\/psoecanarias.com\/web\/informacion-economica-y-financiera\/","og_locale":"es_ES","og_type":"article","og_title":"Informaci\u00f3n econ\u00f3mico-financiera | PSOE Canarias","og_description":"Informaci\u00f3n presupuestaria y contable Contratos, convenios y encomiendas de gesti\u00f3n Informes de auditor\u00eda de cuentas Retribuciones Cuentas anuales Instrucciones de contrataci\u00f3n Ayudas y subvenciones Pr\u00e9stamos y deudas","og_url":"https:\/\/psoecanarias.com\/web\/informacion-economica-y-financiera\/","og_site_name":"PSOE Canarias","article_modified_time":"2026-01-19T12:34:55+00:00","twitter_card":"summary_large_image","schema":{"@context":"https:\/\/schema.org","@graph":[{"@type":"WebPage","@id":"https:\/\/psoecanarias.com\/web\/informacion-economica-y-financiera\/","url":"https:\/\/psoecanarias.com\/web\/informacion-economica-y-financiera\/","name":"Informaci\u00f3n econ\u00f3mico-financiera | PSOE Canarias","isPartOf":{"@id":"https:\/\/psoecanarias.com\/web\/#website"},"primaryImageOfPage":{"@id":"https:\/\/psoecanarias.com\/web\/informacion-economica-y-financiera\/#primaryimage"},"image":{"@id":"https:\/\/psoecanarias.com\/web\/informacion-economica-y-financiera\/#primaryimage"},"thumbnailUrl":"https:\/\/psoecanarias.com\/web\/wp-content\/uploads\/2020\/03\/thumb_noimages.jpg","datePublished":"2022-11-29T21:02:52+00:00","dateModified":"2026-01-19T12:34:55+00:00","breadcrumb":{"@id":"https:\/\/psoecanarias.com\/web\/informacion-economica-y-financiera\/#breadcrumb"},"inLanguage":"es","potentialAction":[{"@type":"ReadAction","target":["https:\/\/psoecanarias.com\/web\/informacion-economica-y-financiera\/"]}]},{"@type":"ImageObject","inLanguage":"es","@id":"https:\/\/psoecanarias.com\/web\/informacion-economica-y-financiera\/#primaryimage","url":"https:\/\/psoecanarias.com\/web\/wp-content\/uploads\/2020\/03\/thumb_noimages.jpg","contentUrl":"https:\/\/psoecanarias.com\/web\/wp-content\/uploads\/2020\/03\/thumb_noimages.jpg","width":303,"height":200},{"@type":"BreadcrumbList","@id":"https:\/\/psoecanarias.com\/web\/informacion-economica-y-financiera\/#breadcrumb","itemListElement":[{"@type":"ListItem","position":1,"name":"Portada","item":"https:\/\/psoecanarias.com\/web\/"},{"@type":"ListItem","position":2,"name":"Informaci\u00f3n econ\u00f3mico-financiera"}]},{"@type":"WebSite","@id":"https:\/\/psoecanarias.com\/web\/#website","url":"https:\/\/psoecanarias.com\/web\/","name":"PSOE Canarias","description":"Partido Socialista Obrero Espa\u00f1ol Canarias","potentialAction":[{"@type":"SearchAction","target":{"@type":"EntryPoint","urlTemplate":"https:\/\/psoecanarias.com\/web\/?s={search_term_string}"},"query-input":{"@type":"PropertyValueSpecification","valueRequired":true,"valueName":"search_term_string"}}],"inLanguage":"es"}]}},"_links":{"self":[{"href":"https:\/\/psoecanarias.com\/web\/wp-json\/wp\/v2\/pages\/32349","targetHints":{"allow":["GET"]}}],"collection":[{"href":"https:\/\/psoecanarias.com\/web\/wp-json\/wp\/v2\/pages"}],"about":[{"href":"https:\/\/psoecanarias.com\/web\/wp-json\/wp\/v2\/types\/page"}],"author":[{"embeddable":true,"href":"https:\/\/psoecanarias.com\/web\/wp-json\/wp\/v2\/users\/1"}],"replies":[{"embeddable":true,"href":"https:\/\/psoecanarias.com\/web\/wp-json\/wp\/v2\/comments?post=32349"}],"version-history":[{"count":25,"href":"https:\/\/psoecanarias.com\/web\/wp-json\/wp\/v2\/pages\/32349\/revisions"}],"predecessor-version":[{"id":63122,"href":"https:\/\/psoecanarias.com\/web\/wp-json\/wp\/v2\/pages\/32349\/revisions\/63122"}],"wp:featuredmedia":[{"embeddable":true,"href":"https:\/\/psoecanarias.com\/web\/wp-json\/wp\/v2\/media\/8406"}],"wp:attachment":[{"href":"https:\/\/psoecanarias.com\/web\/wp-json\/wp\/v2\/media?parent=32349"}],"curies":[{"name":"wp","href":"https:\/\/api.w.org\/{rel}","templated":true}]}}