{"id":32769,"date":"2022-12-11T20:36:35","date_gmt":"2022-12-11T20:36:35","guid":{"rendered":"https:\/\/psoecanarias.com\/web\/?page_id=32769"},"modified":"2026-01-19T10:06:31","modified_gmt":"2026-01-19T10:06:31","slug":"compromiso-con-la-transparencia","status":"publish","type":"page","link":"https:\/\/psoecanarias.com\/web\/compromiso-con-la-transparencia\/","title":{"rendered":"Transparencia"},"content":{"rendered":"\n<h2 class=\"wp-block-heading has-text-align-center\"><strong>Nuestro compromiso con la transparencia<\/strong><\/h2>\n\n\n\n<figure class=\"wp-block-image size-large\"><img loading=\"lazy\" decoding=\"async\" width=\"1024\" height=\"597\" src=\"https:\/\/psoecanarias.com\/web\/wp-content\/uploads\/2022\/12\/transparencia-foto-web-1024x597.png\" alt=\"\" class=\"wp-image-32500\"\/><\/figure>\n\n\n\n<p>El PSOE Canarias est\u00e1 integrado en el Partido Socialista Obrero Espa\u00f1ol (PSOE), organizaci\u00f3n pol\u00edtica de car\u00e1cter federal.<\/p>\n\n\n\n<p>Como tal, el PSOE se define a s\u00ed mismo como europe\u00edsta, feminista, ecologista y, de conformidad con el art\u00edculo 6 de la Constituci\u00f3n Espa\u00f1ola, concurre a la formaci\u00f3n y manifestaci\u00f3n de la voluntad popular como instrumento para la participaci\u00f3n pol\u00edtica, que representa a la clase trabajadora y a los hombres y mujeres que luchan contra todo tipo de explotaci\u00f3n, aspirando a transformar la sociedad para convertirla en una sociedad libre, justa, igualitaria, solidaria y en paz que lucha por el progreso de los pueblos. Sus objetivos y programas son los fijados en su Declaraci\u00f3n de Principios y en las resoluciones de sus Congresos y Conferencias.<\/p>\n\n\n\n<p>El nuestro es un compromiso decidido para hacer nuestro partido m\u00e1s transparente y una apuesta clara para hacer pol\u00edtica con transparencia: prueba de ello es este portal de transparencia. Por ello, publicamos informaci\u00f3n econ\u00f3mica del partido, informaci\u00f3n pol\u00edtica y organizativa, y hacemos transparentes a nuestros cargos p\u00fablicos y candidatos y candidatas.<\/p>\n\n\n\n<h4 class=\"wp-block-heading\"><strong>Nuestras cuentas: claras y p\u00fablicas<\/strong><\/h4>\n\n\n\n<p>Desde octubre de 2014 publicamos las cuentas del PSOE en&nbsp;nuestra p\u00e1gina web. Adem\u00e1s, ponemos a disposici\u00f3n de la ciudadan\u00eda los informes y documentos que reflejan la situaci\u00f3n patrimonial, financiera y contable del PSOE.<\/p>\n\n\n\n<h4 class=\"wp-block-heading\"><strong>C\u00f3digo \u00c9tico del PSOE<\/strong><\/h4>\n\n\n\n<p>En nuestro&nbsp;<strong>C\u00f3digo \u00c9tico<\/strong>&nbsp;exigimos un estricto compromiso con la transparencia. Este c\u00f3digo es de obligado cumplimiento para quienes ocupan un cargo p\u00fablico u org\u00e1nico o figuran en una lista electoral como candidato o candidata.<\/p>\n\n\n\n<h4 class=\"wp-block-heading\"><strong>Convenio con Transparencia Internacional<\/strong><\/h4>\n\n\n\n<p>Los socialistas nos comprometemos a un <a href=\"http:\/\/www2.psoe.es\/media-content\/2015\/04\/Convenio-entre-el-PSOE-y-Transparencia-Internacional-Espa%C3%B1a.pdf\" target=\"_blank\" rel=\"noreferrer noopener\">conjunto de medidas<\/a> a favor de la transparencia y para prevenir y combatir la corrupci\u00f3n<\/p>\n\n\n\n<h4 class=\"wp-block-heading\"><strong>Hechos de los Gobiernos Socialistas en Transparencia<\/strong><\/h4>\n\n\n\n<p>Los socialistas creemos que la transparencia es vital para la democracia, y lo demostramos cuando gobernamos: el Gobierno de Jos\u00e9 Luis Rodr\u00edguez Zapatero fue el primero en hacer p\u00fablico el patrimonio de todos sus miembros, public\u00e1ndolo en el BOE.<\/p>\n\n\n\n<p>En 2005 aprobamos el C\u00f3digo de Buen Gobierno, que prohib\u00eda a cualquier cargo p\u00fablico aceptar regalos, as\u00ed como que los altos cargos pudieran recibir ninguna otra remuneraci\u00f3n y dio car\u00e1cter p\u00fablico al Registro de Actividades de Bienes Patrimoniales de altos cargos.<\/p>\n\n\n\n<p>Hicimos que los Diputados\/as y Senadores\/as est\u00e9n obligados a publicar su patrimonio y renta reformando el art\u00edculo 160.2 de la Ley Org\u00e1nica del R\u00e9gimen Electoral General.<\/p>\n\n\n\n<p>A nivel auton\u00f3mico, los datos de nuestros diputados\/as del Grupo Parlamentario Socialista Canario se encuentran actualizados en el <a href=\"https:\/\/www.parcan.es\/transparencia\/\">portal de transparencia del Parlamento de Canarias.<\/a><\/p>\n\n\n\n<p>El BOE y las encuestas del CIS son de acceso y descarga libre y gratuita desde 2009, y adem\u00e1s establecimos un calendario fijo para la publicaci\u00f3n de los datos de paro: el segundo d\u00eda h\u00e1bil de cada mes.<\/p>\n\n\n\n<p>Implantamos la Administraci\u00f3n electr\u00f3nica por medio de la Ley de Acceso Electr\u00f3nico de los Ciudadanos a los Servicios P\u00fablicos, y conseguimos as\u00ed, en 2011, situarnos terceros en el ranking mundial de participaci\u00f3n electr\u00f3nica (una mejora de 31 puestos respecto a 2008) y novenos en el \u00edndice de desarrollo de gobierno electr\u00f3nico de Naciones Unidas.<\/p>\n\n\n\n<p>Con Rodr\u00edguez Zapatero instauramos las comparecencias en el Senado despu\u00e9s de cada investidura, as\u00ed como las comparecencias mensuales en sesi\u00f3n de Control en el Congreso, y el Grupo Parlamentario Socialista renunci\u00f3 adem\u00e1s a su turno de preguntas al Presidente, dejando m\u00e1s tiempo al resto de grupos.<\/p>\n\n\n\n<p>Impulsamos la apertura y reutilizaci\u00f3n de datos con el Portal de Datos Abiertos datos.gob.es y la Ley 37\/2007de 16 de noviembre sobre reutilizaci\u00f3n de la informaci\u00f3n del sector p\u00fablico, e impulsamos una estrategia de comunicaci\u00f3n y escucha activa de todos los ministerios y \u00f3rganos p\u00fablicos por medio de las redes sociales, mejorando adem\u00e1s la web&nbsp;<a href=\"http:\/\/www.lamoncloa.gob.es\/\">www.lamoncloa.gob.es<\/a><\/p>\n\n\n\n<p>Es por ello que publicamos informaci\u00f3n tanto de nuestra gesti\u00f3n como de los resultados econ\u00f3micos obtenidos. Adem\u00e1s dando cumplimiento a la&nbsp;Ley estatal 19\/2013, de 9 de diciembre, de transparencia, acceso a la informaci\u00f3n p\u00fablica y buen gobierno&nbsp;y a&nbsp;<a href=\"https:\/\/www.boe.es\/eli\/es-cn\/l\/2014\/12\/26\/12\/con\"><u>la Ley canaria 12\/2014, de 26 de diciembre, de transparencia y de acceso a la informaci\u00f3n p\u00fablica,<\/u><\/a>&nbsp;la cu\u00e1l nos afecta seg\u00fan su art\u00edculo 3, por ser una entidad privada que percibe ayudas o subvenciones, en una cuant\u00eda superior a 60.000 euros, con cargo a los Presupuestos de la Comunidad Aut\u00f3noma de Canarias, para la financiaci\u00f3n de sus actividades y funcionamiento ordinario.<\/p>\n\n\n\n<p>El \u00f3rgano responsable, dentro de la entidad, para velar por la transparencia y encargada de dar cumplimiento a las obligaciones de informaci\u00f3n establecidas en la ley, es la Direcci\u00f3n-Gerencia.<\/p>\n\n\n<div class=\"wp-block-image centered_image\">\n<figure class=\"aligncenter size-full\"><a href=\"https:\/\/www.transparenciacanarias.org\" target=\"_blank\" rel=\"noreferrer noopener\"><img loading=\"lazy\" decoding=\"async\" width=\"250\" height=\"66\" src=\"https:\/\/psoecanarias.com\/web\/wp-content\/uploads\/2022\/11\/portal-transparencia.png\" alt=\"\" class=\"wp-image-32339\"\/><\/a><\/figure><\/div>\n\n\n<p><\/p>\n\n\n\n<p class=\"has-text-align-center\"><em><a href=\"https:\/\/psoecanarias.com\/web\/wp-content\/uploads\/2026\/01\/COMPROMISO-TRANSPARENCIA.odt\">Descargar la informaci\u00f3n en formato editable<\/a><\/em><\/p>\n","protected":false},"excerpt":{"rendered":"<p>Nuestro compromiso con la transparencia El PSOE Canarias est\u00e1 integrado en el Partido Socialista Obrero Espa\u00f1ol (PSOE), organizaci\u00f3n pol\u00edtica de car\u00e1cter federal. Como tal, el PSOE se define a s\u00ed mismo como europe\u00edsta, feminista, ecologista y, de conformidad con el art\u00edculo 6 de la Constituci\u00f3n Espa\u00f1ola, concurre a la formaci\u00f3n y manifestaci\u00f3n de la voluntad [&hellip;]<\/p>\n","protected":false},"author":1,"featured_media":8406,"parent":0,"menu_order":0,"comment_status":"closed","ping_status":"closed","template":"","meta":{"footnotes":""},"class_list":["post-32769","page","type-page","status-publish","has-post-thumbnail","hentry"],"featured_image_src":"https:\/\/psoecanarias.com\/web\/wp-content\/uploads\/2020\/03\/thumb_noimages.jpg","yoast_head":"<!-- This site is optimized with the Yoast SEO plugin v27.2 - https:\/\/yoast.com\/product\/yoast-seo-wordpress\/ -->\n<title>Transparencia | PSOE Canarias<\/title>\n<meta name=\"robots\" content=\"index, follow, max-snippet:-1, max-image-preview:large, max-video-preview:-1\" \/>\n<link rel=\"canonical\" href=\"https:\/\/psoecanarias.com\/web\/compromiso-con-la-transparencia\/\" \/>\n<meta property=\"og:locale\" content=\"es_ES\" \/>\n<meta property=\"og:type\" content=\"article\" \/>\n<meta property=\"og:title\" content=\"Transparencia | PSOE Canarias\" \/>\n<meta property=\"og:description\" content=\"Nuestro compromiso con la transparencia El PSOE Canarias est\u00e1 integrado en el Partido Socialista Obrero Espa\u00f1ol (PSOE), organizaci\u00f3n pol\u00edtica de car\u00e1cter federal. Como tal, el PSOE se define a s\u00ed mismo como europe\u00edsta, feminista, ecologista y, de conformidad con el art\u00edculo 6 de la Constituci\u00f3n Espa\u00f1ola, concurre a la formaci\u00f3n y manifestaci\u00f3n de la voluntad [&hellip;]\" \/>\n<meta property=\"og:url\" content=\"https:\/\/psoecanarias.com\/web\/compromiso-con-la-transparencia\/\" \/>\n<meta property=\"og:site_name\" content=\"PSOE Canarias\" \/>\n<meta property=\"article:modified_time\" content=\"2026-01-19T10:06:31+00:00\" \/>\n<meta property=\"og:image\" content=\"https:\/\/psoecanarias.com\/web\/wp-content\/uploads\/2022\/12\/transparencia-foto-web.png\" \/>\n\t<meta property=\"og:image:width\" content=\"1200\" \/>\n\t<meta property=\"og:image:height\" content=\"700\" \/>\n\t<meta property=\"og:image:type\" content=\"image\/png\" \/>\n<meta name=\"twitter:card\" content=\"summary_large_image\" \/>\n<script type=\"application\/ld+json\" class=\"yoast-schema-graph\">{\"@context\":\"https:\/\/schema.org\",\"@graph\":[{\"@type\":\"WebPage\",\"@id\":\"https:\/\/psoecanarias.com\/web\/compromiso-con-la-transparencia\/\",\"url\":\"https:\/\/psoecanarias.com\/web\/compromiso-con-la-transparencia\/\",\"name\":\"Transparencia | PSOE Canarias\",\"isPartOf\":{\"@id\":\"https:\/\/psoecanarias.com\/web\/#website\"},\"primaryImageOfPage\":{\"@id\":\"https:\/\/psoecanarias.com\/web\/compromiso-con-la-transparencia\/#primaryimage\"},\"image\":{\"@id\":\"https:\/\/psoecanarias.com\/web\/compromiso-con-la-transparencia\/#primaryimage\"},\"thumbnailUrl\":\"https:\/\/psoecanarias.com\/web\/wp-content\/uploads\/2020\/03\/thumb_noimages.jpg\",\"datePublished\":\"2022-12-11T20:36:35+00:00\",\"dateModified\":\"2026-01-19T10:06:31+00:00\",\"breadcrumb\":{\"@id\":\"https:\/\/psoecanarias.com\/web\/compromiso-con-la-transparencia\/#breadcrumb\"},\"inLanguage\":\"es\",\"potentialAction\":[{\"@type\":\"ReadAction\",\"target\":[\"https:\/\/psoecanarias.com\/web\/compromiso-con-la-transparencia\/\"]}]},{\"@type\":\"ImageObject\",\"inLanguage\":\"es\",\"@id\":\"https:\/\/psoecanarias.com\/web\/compromiso-con-la-transparencia\/#primaryimage\",\"url\":\"https:\/\/psoecanarias.com\/web\/wp-content\/uploads\/2020\/03\/thumb_noimages.jpg\",\"contentUrl\":\"https:\/\/psoecanarias.com\/web\/wp-content\/uploads\/2020\/03\/thumb_noimages.jpg\",\"width\":303,\"height\":200},{\"@type\":\"BreadcrumbList\",\"@id\":\"https:\/\/psoecanarias.com\/web\/compromiso-con-la-transparencia\/#breadcrumb\",\"itemListElement\":[{\"@type\":\"ListItem\",\"position\":1,\"name\":\"Portada\",\"item\":\"https:\/\/psoecanarias.com\/web\/\"},{\"@type\":\"ListItem\",\"position\":2,\"name\":\"Transparencia\"}]},{\"@type\":\"WebSite\",\"@id\":\"https:\/\/psoecanarias.com\/web\/#website\",\"url\":\"https:\/\/psoecanarias.com\/web\/\",\"name\":\"PSOE Canarias\",\"description\":\"Partido Socialista Obrero Espa\u00f1ol Canarias\",\"potentialAction\":[{\"@type\":\"SearchAction\",\"target\":{\"@type\":\"EntryPoint\",\"urlTemplate\":\"https:\/\/psoecanarias.com\/web\/?s={search_term_string}\"},\"query-input\":{\"@type\":\"PropertyValueSpecification\",\"valueRequired\":true,\"valueName\":\"search_term_string\"}}],\"inLanguage\":\"es\"}]}<\/script>\n<!-- \/ Yoast SEO plugin. -->","yoast_head_json":{"title":"Transparencia | PSOE Canarias","robots":{"index":"index","follow":"follow","max-snippet":"max-snippet:-1","max-image-preview":"max-image-preview:large","max-video-preview":"max-video-preview:-1"},"canonical":"https:\/\/psoecanarias.com\/web\/compromiso-con-la-transparencia\/","og_locale":"es_ES","og_type":"article","og_title":"Transparencia | PSOE Canarias","og_description":"Nuestro compromiso con la transparencia El PSOE Canarias est\u00e1 integrado en el Partido Socialista Obrero Espa\u00f1ol (PSOE), organizaci\u00f3n pol\u00edtica de car\u00e1cter federal. Como tal, el PSOE se define a s\u00ed mismo como europe\u00edsta, feminista, ecologista y, de conformidad con el art\u00edculo 6 de la Constituci\u00f3n Espa\u00f1ola, concurre a la formaci\u00f3n y manifestaci\u00f3n de la voluntad [&hellip;]","og_url":"https:\/\/psoecanarias.com\/web\/compromiso-con-la-transparencia\/","og_site_name":"PSOE Canarias","article_modified_time":"2026-01-19T10:06:31+00:00","og_image":[{"width":1200,"height":700,"url":"https:\/\/psoecanarias.com\/web\/wp-content\/uploads\/2022\/12\/transparencia-foto-web.png","type":"image\/png"}],"twitter_card":"summary_large_image","schema":{"@context":"https:\/\/schema.org","@graph":[{"@type":"WebPage","@id":"https:\/\/psoecanarias.com\/web\/compromiso-con-la-transparencia\/","url":"https:\/\/psoecanarias.com\/web\/compromiso-con-la-transparencia\/","name":"Transparencia | PSOE Canarias","isPartOf":{"@id":"https:\/\/psoecanarias.com\/web\/#website"},"primaryImageOfPage":{"@id":"https:\/\/psoecanarias.com\/web\/compromiso-con-la-transparencia\/#primaryimage"},"image":{"@id":"https:\/\/psoecanarias.com\/web\/compromiso-con-la-transparencia\/#primaryimage"},"thumbnailUrl":"https:\/\/psoecanarias.com\/web\/wp-content\/uploads\/2020\/03\/thumb_noimages.jpg","datePublished":"2022-12-11T20:36:35+00:00","dateModified":"2026-01-19T10:06:31+00:00","breadcrumb":{"@id":"https:\/\/psoecanarias.com\/web\/compromiso-con-la-transparencia\/#breadcrumb"},"inLanguage":"es","potentialAction":[{"@type":"ReadAction","target":["https:\/\/psoecanarias.com\/web\/compromiso-con-la-transparencia\/"]}]},{"@type":"ImageObject","inLanguage":"es","@id":"https:\/\/psoecanarias.com\/web\/compromiso-con-la-transparencia\/#primaryimage","url":"https:\/\/psoecanarias.com\/web\/wp-content\/uploads\/2020\/03\/thumb_noimages.jpg","contentUrl":"https:\/\/psoecanarias.com\/web\/wp-content\/uploads\/2020\/03\/thumb_noimages.jpg","width":303,"height":200},{"@type":"BreadcrumbList","@id":"https:\/\/psoecanarias.com\/web\/compromiso-con-la-transparencia\/#breadcrumb","itemListElement":[{"@type":"ListItem","position":1,"name":"Portada","item":"https:\/\/psoecanarias.com\/web\/"},{"@type":"ListItem","position":2,"name":"Transparencia"}]},{"@type":"WebSite","@id":"https:\/\/psoecanarias.com\/web\/#website","url":"https:\/\/psoecanarias.com\/web\/","name":"PSOE Canarias","description":"Partido Socialista Obrero Espa\u00f1ol Canarias","potentialAction":[{"@type":"SearchAction","target":{"@type":"EntryPoint","urlTemplate":"https:\/\/psoecanarias.com\/web\/?s={search_term_string}"},"query-input":{"@type":"PropertyValueSpecification","valueRequired":true,"valueName":"search_term_string"}}],"inLanguage":"es"}]}},"_links":{"self":[{"href":"https:\/\/psoecanarias.com\/web\/wp-json\/wp\/v2\/pages\/32769","targetHints":{"allow":["GET"]}}],"collection":[{"href":"https:\/\/psoecanarias.com\/web\/wp-json\/wp\/v2\/pages"}],"about":[{"href":"https:\/\/psoecanarias.com\/web\/wp-json\/wp\/v2\/types\/page"}],"author":[{"embeddable":true,"href":"https:\/\/psoecanarias.com\/web\/wp-json\/wp\/v2\/users\/1"}],"replies":[{"embeddable":true,"href":"https:\/\/psoecanarias.com\/web\/wp-json\/wp\/v2\/comments?post=32769"}],"version-history":[{"count":10,"href":"https:\/\/psoecanarias.com\/web\/wp-json\/wp\/v2\/pages\/32769\/revisions"}],"predecessor-version":[{"id":63106,"href":"https:\/\/psoecanarias.com\/web\/wp-json\/wp\/v2\/pages\/32769\/revisions\/63106"}],"wp:featuredmedia":[{"embeddable":true,"href":"https:\/\/psoecanarias.com\/web\/wp-json\/wp\/v2\/media\/8406"}],"wp:attachment":[{"href":"https:\/\/psoecanarias.com\/web\/wp-json\/wp\/v2\/media?parent=32769"}],"curies":[{"name":"wp","href":"https:\/\/api.w.org\/{rel}","templated":true}]}}