{"id":32782,"date":"2022-12-11T21:10:01","date_gmt":"2022-12-11T21:10:01","guid":{"rendered":"https:\/\/psoecanarias.com\/web\/?page_id=32782"},"modified":"2026-01-23T13:22:32","modified_gmt":"2026-01-23T13:22:32","slug":"transparencia","status":"publish","type":"page","link":"https:\/\/psoecanarias.com\/web\/transparencia\/","title":{"rendered":"Transparencia"},"content":{"rendered":"\n<div class=\"wp-block-columns styled_boxes has-white-background-color has-background is-layout-flex wp-container-core-columns-is-layout-9d6595d7 wp-block-columns-is-layout-flex\">\n<div class=\"wp-block-column has-white-color has-text-color has-background is-layout-flow wp-block-column-is-layout-flow\" style=\"background-color:#e30513\">\n<i class=\"fa fa-file-text-o\" aria-hidden=\"true\"><\/i>\n\n\n\n<h2 class=\"wp-block-heading has-white-color has-text-color\">Compromiso con la transparencia<\/h2>\n\n\n\n<div class=\"wp-block-buttons is-layout-flex wp-block-buttons-is-layout-flex\">\n<div class=\"wp-block-button\"><a class=\"wp-block-button__link wp-element-button\" href=\"https:\/\/psoecanarias.com\/web\/compromiso-con-la-transparencia\/\" target=\"_blank\" rel=\"noreferrer noopener\">Leer<\/a><\/div>\n<\/div>\n<\/div>\n\n\n\n<div class=\"wp-block-column has-white-color has-text-color has-background is-layout-flow wp-block-column-is-layout-flow\" style=\"background-color:#e30513\">\n<i class=\"fa fa-sitemap\" aria-hidden=\"true\"><\/i>\n\n\n\n<h2 class=\"wp-block-heading has-white-color has-text-color\">Informaci\u00f3n institucional y organizativa<\/h2>\n\n\n\n<div class=\"wp-block-buttons is-layout-flex wp-block-buttons-is-layout-flex\">\n<div class=\"wp-block-button\"><a class=\"wp-block-button__link wp-element-button\" href=\"https:\/\/psoecanarias.com\/web\/informacion-politica-y-organizativa\/\" target=\"_blank\" rel=\"noreferrer noopener\">Leer<\/a><\/div>\n<\/div>\n<\/div>\n\n\n\n<div class=\"wp-block-column has-white-color has-text-color has-background is-layout-flow wp-block-column-is-layout-flow\" style=\"background-color:#e30513\">\n<i class=\"fa fa-book\" aria-hidden=\"true\"><\/i>\n\n\n\n<h2 class=\"wp-block-heading has-white-color has-text-color\">Informaci\u00f3n<br>econ\u00f3mico-financiera<\/h2>\n\n\n\n<div class=\"wp-block-buttons is-layout-flex wp-block-buttons-is-layout-flex\">\n<div class=\"wp-block-button\"><a class=\"wp-block-button__link wp-element-button\" href=\"https:\/\/psoecanarias.com\/web\/informacion-economica-y-financiera\/\" target=\"_blank\" rel=\"noreferrer noopener\">Leer<\/a><\/div>\n<\/div>\n<\/div>\n<\/div>\n\n\n\n<div class=\"wp-block-columns styled_boxes has-white-background-color has-background is-layout-flex wp-container-core-columns-is-layout-9d6595d7 wp-block-columns-is-layout-flex\">\n<div class=\"wp-block-column has-white-color has-text-color has-background is-layout-flow wp-block-column-is-layout-flow\" style=\"background-color:#e30513\">\n<i class=\"fa fa-calendar-check-o\" aria-hidden=\"true\"><\/i>\n\n\n\n<h2 class=\"wp-block-heading has-white-color has-text-color\">Resoluciones de los congresos<\/h2>\n\n\n\n<div class=\"wp-block-buttons is-layout-flex wp-block-buttons-is-layout-flex\">\n<div class=\"wp-block-button\"><a class=\"wp-block-button__link wp-element-button\" href=\"https:\/\/psoecanarias.com\/web\/15o-congreso-regional\/\" target=\"_blank\" rel=\"noreferrer noopener\">Leer<\/a><\/div>\n<\/div>\n<\/div>\n\n\n\n<div class=\"wp-block-column has-white-color has-text-color has-background is-layout-flow wp-block-column-is-layout-flow\" style=\"background-color:#e30513\">\n<i class=\"fa fa-file-text-o\" aria-hidden=\"true\"><\/i>\n\n\n\n<h2 class=\"wp-block-heading has-white-color has-text-color\">Normativa aplicable a los partidos pol\u00edticos<\/h2>\n\n\n\n<div class=\"wp-block-buttons is-layout-flex wp-block-buttons-is-layout-flex\">\n<div class=\"wp-block-button\"><a class=\"wp-block-button__link wp-element-button\" href=\"https:\/\/psoecanarias.com\/web\/normativa-aplicable-a-los-partidos-politicos\/\" target=\"_blank\" rel=\"noreferrer noopener\">Leer<\/a><\/div>\n<\/div>\n<\/div>\n\n\n\n<div class=\"wp-block-column has-white-color has-text-color has-background is-layout-flow wp-block-column-is-layout-flow\" style=\"background-color:#e30513\">\n<i class=\"fa fa-podcast\" aria-hidden=\"true\"><\/i>\n\n\n\n<h2 class=\"wp-block-heading has-white-color has-text-color\">Canal de<br>comunicaci\u00f3n<\/h2>\n\n\n\n<div class=\"wp-block-buttons is-layout-flex wp-block-buttons-is-layout-flex\">\n<div class=\"wp-block-button\"><a class=\"wp-block-button__link wp-element-button\" href=\"https:\/\/cade.psoe.es\/RegisterComplaint\" target=\"_blank\" rel=\"noreferrer noopener\">Leer<\/a><\/div>\n<\/div>\n<\/div>\n<\/div>\n\n\n\n<div class=\"wp-block-columns styled_boxes has-white-background-color has-background is-layout-flex wp-container-core-columns-is-layout-9d6595d7 wp-block-columns-is-layout-flex\">\n<div class=\"wp-block-column has-white-color has-text-color has-background is-layout-flow wp-block-column-is-layout-flow\" style=\"background-color:#e30513\">\n<i class=\"fa fa-comments-o\" aria-hidden=\"true\"><\/i>\n\n\n\n<h2 class=\"wp-block-heading has-white-color has-text-color\">Canal de sugerencias<\/h2>\n\n\n\n<div class=\"wp-block-buttons is-layout-flex wp-block-buttons-is-layout-flex\">\n<div class=\"wp-block-button\"><a class=\"wp-block-button__link wp-element-button\" href=\"mailto:info@psoecanarias.com\" target=\"_blank\" rel=\"noreferrer noopener\">Leer<\/a><\/div>\n<\/div>\n<\/div>\n\n\n\n<div class=\"wp-block-column has-white-color has-text-color has-background is-layout-flow wp-block-column-is-layout-flow\" style=\"background-color:#e30513\">\n<i class=\"fa fa-university\" aria-hidden=\"true\"><\/i>\n\n\n\n<h2 class=\"wp-block-heading has-white-color has-text-color\">C\u00f3digo<br>\u00e9tico<\/h2>\n\n\n\n<div class=\"wp-block-buttons is-layout-flex wp-block-buttons-is-layout-flex\">\n<div class=\"wp-block-button\"><a class=\"wp-block-button__link wp-element-button\" href=\"https:\/\/psoecanarias.com\/web\/codigo-etico\/\" target=\"_blank\" rel=\"noreferrer noopener\">Leer<\/a><\/div>\n<\/div>\n<\/div>\n\n\n\n<div class=\"wp-block-column has-white-color has-text-color has-background is-layout-flow wp-block-column-is-layout-flow\" style=\"background-color:#e30513\">\n<i class=\"fa fa-file-text-o\" aria-hidden=\"true\"><\/i>\n\n\n\n<h2 class=\"wp-block-heading has-white-color has-text-color\">Evaluaciones en materia de transparencia<\/h2>\n\n\n\n<div class=\"wp-block-buttons is-layout-flex wp-block-buttons-is-layout-flex\">\n<div class=\"wp-block-button\"><a class=\"wp-block-button__link wp-element-button\" href=\"https:\/\/psoecanarias.com\/web\/evaluaciones-en-materia-de-transparencia\/\" target=\"_blank\" rel=\"noreferrer noopener\">Leer<\/a><\/div>\n<\/div>\n<\/div>\n<\/div>\n\n\n\n<p>Consulta el Portal de Transparencia federal del Partido Socialista Obrero Espa\u00f1ol en <a href=\"https:\/\/www.psoe.es\/transparencia\/ \">https:\/\/www.psoe.es\/transparencia\/ <\/a><\/p>\n\n\n\n<p><\/p>\n","protected":false},"excerpt":{"rendered":"<p>Compromiso con la transparencia Informaci\u00f3n institucional y organizativa Informaci\u00f3necon\u00f3mico-financiera Resoluciones de los congresos Normativa aplicable a los partidos pol\u00edticos Canal decomunicaci\u00f3n Canal de sugerencias C\u00f3digo\u00e9tico Evaluaciones en materia de transparencia Consulta el Portal de Transparencia federal del Partido Socialista Obrero Espa\u00f1ol en https:\/\/www.psoe.es\/transparencia\/<\/p>\n","protected":false},"author":1,"featured_media":8406,"parent":0,"menu_order":0,"comment_status":"closed","ping_status":"closed","template":"","meta":{"footnotes":""},"class_list":["post-32782","page","type-page","status-publish","has-post-thumbnail","hentry"],"featured_image_src":"https:\/\/psoecanarias.com\/web\/wp-content\/uploads\/2020\/03\/thumb_noimages.jpg","yoast_head":"<!-- This site is optimized with the Yoast SEO plugin v27.2 - https:\/\/yoast.com\/product\/yoast-seo-wordpress\/ -->\n<title>Transparencia | PSOE Canarias<\/title>\n<meta name=\"robots\" content=\"index, follow, max-snippet:-1, max-image-preview:large, max-video-preview:-1\" \/>\n<link rel=\"canonical\" href=\"https:\/\/psoecanarias.com\/web\/transparencia\/\" \/>\n<meta property=\"og:locale\" content=\"es_ES\" \/>\n<meta property=\"og:type\" content=\"article\" \/>\n<meta property=\"og:title\" content=\"Transparencia | PSOE Canarias\" \/>\n<meta property=\"og:description\" content=\"Compromiso con la transparencia Informaci\u00f3n institucional y organizativa Informaci\u00f3necon\u00f3mico-financiera Resoluciones de los congresos Normativa aplicable a los partidos pol\u00edticos Canal decomunicaci\u00f3n Canal de sugerencias C\u00f3digo\u00e9tico Evaluaciones en materia de transparencia Consulta el Portal de Transparencia federal del Partido Socialista Obrero Espa\u00f1ol en https:\/\/www.psoe.es\/transparencia\/\" \/>\n<meta property=\"og:url\" content=\"https:\/\/psoecanarias.com\/web\/transparencia\/\" \/>\n<meta property=\"og:site_name\" content=\"PSOE Canarias\" \/>\n<meta property=\"article:modified_time\" content=\"2026-01-23T13:22:32+00:00\" \/>\n<meta name=\"twitter:card\" content=\"summary_large_image\" \/>\n<script type=\"application\/ld+json\" class=\"yoast-schema-graph\">{\"@context\":\"https:\/\/schema.org\",\"@graph\":[{\"@type\":\"WebPage\",\"@id\":\"https:\/\/psoecanarias.com\/web\/transparencia\/\",\"url\":\"https:\/\/psoecanarias.com\/web\/transparencia\/\",\"name\":\"Transparencia | PSOE Canarias\",\"isPartOf\":{\"@id\":\"https:\/\/psoecanarias.com\/web\/#website\"},\"primaryImageOfPage\":{\"@id\":\"https:\/\/psoecanarias.com\/web\/transparencia\/#primaryimage\"},\"image\":{\"@id\":\"https:\/\/psoecanarias.com\/web\/transparencia\/#primaryimage\"},\"thumbnailUrl\":\"https:\/\/psoecanarias.com\/web\/wp-content\/uploads\/2020\/03\/thumb_noimages.jpg\",\"datePublished\":\"2022-12-11T21:10:01+00:00\",\"dateModified\":\"2026-01-23T13:22:32+00:00\",\"breadcrumb\":{\"@id\":\"https:\/\/psoecanarias.com\/web\/transparencia\/#breadcrumb\"},\"inLanguage\":\"es\",\"potentialAction\":[{\"@type\":\"ReadAction\",\"target\":[\"https:\/\/psoecanarias.com\/web\/transparencia\/\"]}]},{\"@type\":\"ImageObject\",\"inLanguage\":\"es\",\"@id\":\"https:\/\/psoecanarias.com\/web\/transparencia\/#primaryimage\",\"url\":\"https:\/\/psoecanarias.com\/web\/wp-content\/uploads\/2020\/03\/thumb_noimages.jpg\",\"contentUrl\":\"https:\/\/psoecanarias.com\/web\/wp-content\/uploads\/2020\/03\/thumb_noimages.jpg\",\"width\":303,\"height\":200},{\"@type\":\"BreadcrumbList\",\"@id\":\"https:\/\/psoecanarias.com\/web\/transparencia\/#breadcrumb\",\"itemListElement\":[{\"@type\":\"ListItem\",\"position\":1,\"name\":\"Portada\",\"item\":\"https:\/\/psoecanarias.com\/web\/\"},{\"@type\":\"ListItem\",\"position\":2,\"name\":\"Transparencia\"}]},{\"@type\":\"WebSite\",\"@id\":\"https:\/\/psoecanarias.com\/web\/#website\",\"url\":\"https:\/\/psoecanarias.com\/web\/\",\"name\":\"PSOE Canarias\",\"description\":\"Partido Socialista Obrero Espa\u00f1ol Canarias\",\"potentialAction\":[{\"@type\":\"SearchAction\",\"target\":{\"@type\":\"EntryPoint\",\"urlTemplate\":\"https:\/\/psoecanarias.com\/web\/?s={search_term_string}\"},\"query-input\":{\"@type\":\"PropertyValueSpecification\",\"valueRequired\":true,\"valueName\":\"search_term_string\"}}],\"inLanguage\":\"es\"}]}<\/script>\n<!-- \/ Yoast SEO plugin. -->","yoast_head_json":{"title":"Transparencia | PSOE Canarias","robots":{"index":"index","follow":"follow","max-snippet":"max-snippet:-1","max-image-preview":"max-image-preview:large","max-video-preview":"max-video-preview:-1"},"canonical":"https:\/\/psoecanarias.com\/web\/transparencia\/","og_locale":"es_ES","og_type":"article","og_title":"Transparencia | PSOE Canarias","og_description":"Compromiso con la transparencia Informaci\u00f3n institucional y organizativa Informaci\u00f3necon\u00f3mico-financiera Resoluciones de los congresos Normativa aplicable a los partidos pol\u00edticos Canal decomunicaci\u00f3n Canal de sugerencias C\u00f3digo\u00e9tico Evaluaciones en materia de transparencia Consulta el Portal de Transparencia federal del Partido Socialista Obrero Espa\u00f1ol en https:\/\/www.psoe.es\/transparencia\/","og_url":"https:\/\/psoecanarias.com\/web\/transparencia\/","og_site_name":"PSOE Canarias","article_modified_time":"2026-01-23T13:22:32+00:00","twitter_card":"summary_large_image","schema":{"@context":"https:\/\/schema.org","@graph":[{"@type":"WebPage","@id":"https:\/\/psoecanarias.com\/web\/transparencia\/","url":"https:\/\/psoecanarias.com\/web\/transparencia\/","name":"Transparencia | PSOE Canarias","isPartOf":{"@id":"https:\/\/psoecanarias.com\/web\/#website"},"primaryImageOfPage":{"@id":"https:\/\/psoecanarias.com\/web\/transparencia\/#primaryimage"},"image":{"@id":"https:\/\/psoecanarias.com\/web\/transparencia\/#primaryimage"},"thumbnailUrl":"https:\/\/psoecanarias.com\/web\/wp-content\/uploads\/2020\/03\/thumb_noimages.jpg","datePublished":"2022-12-11T21:10:01+00:00","dateModified":"2026-01-23T13:22:32+00:00","breadcrumb":{"@id":"https:\/\/psoecanarias.com\/web\/transparencia\/#breadcrumb"},"inLanguage":"es","potentialAction":[{"@type":"ReadAction","target":["https:\/\/psoecanarias.com\/web\/transparencia\/"]}]},{"@type":"ImageObject","inLanguage":"es","@id":"https:\/\/psoecanarias.com\/web\/transparencia\/#primaryimage","url":"https:\/\/psoecanarias.com\/web\/wp-content\/uploads\/2020\/03\/thumb_noimages.jpg","contentUrl":"https:\/\/psoecanarias.com\/web\/wp-content\/uploads\/2020\/03\/thumb_noimages.jpg","width":303,"height":200},{"@type":"BreadcrumbList","@id":"https:\/\/psoecanarias.com\/web\/transparencia\/#breadcrumb","itemListElement":[{"@type":"ListItem","position":1,"name":"Portada","item":"https:\/\/psoecanarias.com\/web\/"},{"@type":"ListItem","position":2,"name":"Transparencia"}]},{"@type":"WebSite","@id":"https:\/\/psoecanarias.com\/web\/#website","url":"https:\/\/psoecanarias.com\/web\/","name":"PSOE Canarias","description":"Partido Socialista Obrero Espa\u00f1ol Canarias","potentialAction":[{"@type":"SearchAction","target":{"@type":"EntryPoint","urlTemplate":"https:\/\/psoecanarias.com\/web\/?s={search_term_string}"},"query-input":{"@type":"PropertyValueSpecification","valueRequired":true,"valueName":"search_term_string"}}],"inLanguage":"es"}]}},"_links":{"self":[{"href":"https:\/\/psoecanarias.com\/web\/wp-json\/wp\/v2\/pages\/32782","targetHints":{"allow":["GET"]}}],"collection":[{"href":"https:\/\/psoecanarias.com\/web\/wp-json\/wp\/v2\/pages"}],"about":[{"href":"https:\/\/psoecanarias.com\/web\/wp-json\/wp\/v2\/types\/page"}],"author":[{"embeddable":true,"href":"https:\/\/psoecanarias.com\/web\/wp-json\/wp\/v2\/users\/1"}],"replies":[{"embeddable":true,"href":"https:\/\/psoecanarias.com\/web\/wp-json\/wp\/v2\/comments?post=32782"}],"version-history":[{"count":42,"href":"https:\/\/psoecanarias.com\/web\/wp-json\/wp\/v2\/pages\/32782\/revisions"}],"predecessor-version":[{"id":63227,"href":"https:\/\/psoecanarias.com\/web\/wp-json\/wp\/v2\/pages\/32782\/revisions\/63227"}],"wp:featuredmedia":[{"embeddable":true,"href":"https:\/\/psoecanarias.com\/web\/wp-json\/wp\/v2\/media\/8406"}],"wp:attachment":[{"href":"https:\/\/psoecanarias.com\/web\/wp-json\/wp\/v2\/media?parent=32782"}],"curies":[{"name":"wp","href":"https:\/\/api.w.org\/{rel}","templated":true}]}}