{"id":4560,"date":"2018-01-29T08:36:28","date_gmt":"2018-01-29T08:36:28","guid":{"rendered":"http:\/\/psoecanarias.com\/web\/?page_id=4560"},"modified":"2018-05-14T16:51:30","modified_gmt":"2018-05-14T15:51:30","slug":"acciones","status":"publish","type":"page","link":"https:\/\/psoecanarias.com\/web\/participacion\/acciones\/","title":{"rendered":"Acciones"},"content":{"rendered":"<p style=\"text-align: justify;\">Ante una sociedad que se plantea nuevos retos participativos, el PSOE desea contar contigo. Hacemos frente al desaf\u00edo de una sociedad con m\u00faltiples problemas sociales, a las necesidades de las personas y, concretamente, de la ciudadan\u00eda de Canarias.<\/p>\n<p style=\"text-align: justify;\">Hoy, m\u00e1s que nunca, se hace necesario abrir el partido a la participaci\u00f3n y el debate de los afiliados y simpatizantes. <span style=\"color: #800000;\"><strong>Porque somos la izquierda de Canarias<\/strong><\/span>, vamos a poner sobre la mesa los asuntos que nos preocupan a todos, por el inter\u00e9s general y el mantenimiento de lo p\u00fablico.<\/p>\n<p><img loading=\"lazy\" decoding=\"async\" class=\"wp-image-4878 size-thumbnail alignright\" src=\"http:\/\/psoecanarias.com\/web\/wp-content\/uploads\/2018\/05\/pensiones-150x150.jpg\" alt=\"\" width=\"150\" height=\"150\" \/><\/p>\n<p><img loading=\"lazy\" decoding=\"async\" class=\"alignleft size-thumbnail wp-image-4879\" src=\"http:\/\/psoecanarias.com\/web\/wp-content\/uploads\/2018\/05\/educacion-150x150.jpg\" alt=\"\" width=\"150\" height=\"150\" \/><\/p>\n<p style=\"text-align: justify;\">Queremos que cuestiones tan importantes como las pensiones, la econom\u00eda, el empleo, la igualdad, la educaci\u00f3n y la cultura; los servicios sociales y la sanidad; el medio ambiente, la lucha contra la pobreza y la precariedad; la juventud, la transparencia y el buen gobierno, as\u00ed como la diversidad y la defensa de la memoria hist\u00f3rica, sean debatidos y liderados por los socialistas de Canarias.<\/p>\n<p style=\"text-align: justify;\">Queremos ser voz de la sociedad plural que conformamos entre todos y mantener y recuperar los espacios en donde los socialistas debemos seguir teniendo presencia. Tenemos propuestas para los grandes retos a los que nos enfrentamos y queremos que formes parte de ellas.<\/p>\n<p style=\"text-align: justify;\"><strong>Si deseas participar y estar informado\/a en todo momento de nuestros eventos, actos y asambleas abiertas a la militancia y simpatizantes, <span style=\"color: #993300;\"><a style=\"color: #993300;\" href=\"http:\/\/psoecanarias.com\/web\/boletin-psoe-canarias\/\" target=\"_blank\" rel=\"noopener\">suscr\u00edbete aqu\u00ed al bolet\u00edn.<\/a><\/span><\/strong><\/p>\n","protected":false},"excerpt":{"rendered":"<p>Ante una sociedad que se plantea nuevos retos participativos, el PSOE desea contar contigo. Hacemos frente al desaf\u00edo de una sociedad con m\u00faltiples problemas sociales, a las necesidades de las personas y, concretamente, de la ciudadan\u00eda de Canarias. Hoy, m\u00e1s que nunca, se hace necesario abrir el partido a la participaci\u00f3n y el debate de [&hellip;]<\/p>\n","protected":false},"author":1,"featured_media":8406,"parent":4527,"menu_order":0,"comment_status":"closed","ping_status":"closed","template":"","meta":{"footnotes":""},"class_list":["post-4560","page","type-page","status-publish","has-post-thumbnail","hentry"],"featured_image_src":"https:\/\/psoecanarias.com\/web\/wp-content\/uploads\/2020\/03\/thumb_noimages.jpg","yoast_head":"<!-- This site is optimized with the Yoast SEO plugin v27.2 - https:\/\/yoast.com\/product\/yoast-seo-wordpress\/ -->\n<title>Acciones | PSOE Canarias<\/title>\n<meta name=\"robots\" content=\"index, follow, max-snippet:-1, max-image-preview:large, max-video-preview:-1\" \/>\n<link rel=\"canonical\" href=\"https:\/\/psoecanarias.com\/web\/participacion\/acciones\/\" \/>\n<meta property=\"og:locale\" content=\"es_ES\" \/>\n<meta property=\"og:type\" content=\"article\" \/>\n<meta property=\"og:title\" content=\"Acciones | PSOE Canarias\" \/>\n<meta property=\"og:description\" content=\"Ante una sociedad que se plantea nuevos retos participativos, el PSOE desea contar contigo. Hacemos frente al desaf\u00edo de una sociedad con m\u00faltiples problemas sociales, a las necesidades de las personas y, concretamente, de la ciudadan\u00eda de Canarias. Hoy, m\u00e1s que nunca, se hace necesario abrir el partido a la participaci\u00f3n y el debate de [&hellip;]\" \/>\n<meta property=\"og:url\" content=\"https:\/\/psoecanarias.com\/web\/participacion\/acciones\/\" \/>\n<meta property=\"og:site_name\" content=\"PSOE Canarias\" \/>\n<meta property=\"article:modified_time\" content=\"2018-05-14T15:51:30+00:00\" \/>\n<meta property=\"og:image\" content=\"https:\/\/psoecanarias.com\/web\/wp-content\/uploads\/2020\/03\/thumb_noimages.jpg\" \/>\n\t<meta property=\"og:image:width\" content=\"303\" \/>\n\t<meta property=\"og:image:height\" content=\"200\" \/>\n\t<meta property=\"og:image:type\" content=\"image\/jpeg\" \/>\n<meta name=\"twitter:card\" content=\"summary_large_image\" \/>\n<script type=\"application\/ld+json\" class=\"yoast-schema-graph\">{\"@context\":\"https:\/\/schema.org\",\"@graph\":[{\"@type\":\"WebPage\",\"@id\":\"https:\/\/psoecanarias.com\/web\/participacion\/acciones\/\",\"url\":\"https:\/\/psoecanarias.com\/web\/participacion\/acciones\/\",\"name\":\"Acciones | PSOE Canarias\",\"isPartOf\":{\"@id\":\"https:\/\/psoecanarias.com\/web\/#website\"},\"primaryImageOfPage\":{\"@id\":\"https:\/\/psoecanarias.com\/web\/participacion\/acciones\/#primaryimage\"},\"image\":{\"@id\":\"https:\/\/psoecanarias.com\/web\/participacion\/acciones\/#primaryimage\"},\"thumbnailUrl\":\"https:\/\/psoecanarias.com\/web\/wp-content\/uploads\/2020\/03\/thumb_noimages.jpg\",\"datePublished\":\"2018-01-29T08:36:28+00:00\",\"dateModified\":\"2018-05-14T15:51:30+00:00\",\"breadcrumb\":{\"@id\":\"https:\/\/psoecanarias.com\/web\/participacion\/acciones\/#breadcrumb\"},\"inLanguage\":\"es\",\"potentialAction\":[{\"@type\":\"ReadAction\",\"target\":[\"https:\/\/psoecanarias.com\/web\/participacion\/acciones\/\"]}]},{\"@type\":\"ImageObject\",\"inLanguage\":\"es\",\"@id\":\"https:\/\/psoecanarias.com\/web\/participacion\/acciones\/#primaryimage\",\"url\":\"https:\/\/psoecanarias.com\/web\/wp-content\/uploads\/2020\/03\/thumb_noimages.jpg\",\"contentUrl\":\"https:\/\/psoecanarias.com\/web\/wp-content\/uploads\/2020\/03\/thumb_noimages.jpg\",\"width\":303,\"height\":200},{\"@type\":\"BreadcrumbList\",\"@id\":\"https:\/\/psoecanarias.com\/web\/participacion\/acciones\/#breadcrumb\",\"itemListElement\":[{\"@type\":\"ListItem\",\"position\":1,\"name\":\"Portada\",\"item\":\"https:\/\/psoecanarias.com\/web\/\"},{\"@type\":\"ListItem\",\"position\":2,\"name\":\"Participaci\u00f3n\",\"item\":\"https:\/\/psoecanarias.com\/web\/participacion\/\"},{\"@type\":\"ListItem\",\"position\":3,\"name\":\"Acciones\"}]},{\"@type\":\"WebSite\",\"@id\":\"https:\/\/psoecanarias.com\/web\/#website\",\"url\":\"https:\/\/psoecanarias.com\/web\/\",\"name\":\"PSOE Canarias\",\"description\":\"Partido Socialista Obrero Espa\u00f1ol Canarias\",\"potentialAction\":[{\"@type\":\"SearchAction\",\"target\":{\"@type\":\"EntryPoint\",\"urlTemplate\":\"https:\/\/psoecanarias.com\/web\/?s={search_term_string}\"},\"query-input\":{\"@type\":\"PropertyValueSpecification\",\"valueRequired\":true,\"valueName\":\"search_term_string\"}}],\"inLanguage\":\"es\"}]}<\/script>\n<!-- \/ Yoast SEO plugin. -->","yoast_head_json":{"title":"Acciones | PSOE Canarias","robots":{"index":"index","follow":"follow","max-snippet":"max-snippet:-1","max-image-preview":"max-image-preview:large","max-video-preview":"max-video-preview:-1"},"canonical":"https:\/\/psoecanarias.com\/web\/participacion\/acciones\/","og_locale":"es_ES","og_type":"article","og_title":"Acciones | PSOE Canarias","og_description":"Ante una sociedad que se plantea nuevos retos participativos, el PSOE desea contar contigo. Hacemos frente al desaf\u00edo de una sociedad con m\u00faltiples problemas sociales, a las necesidades de las personas y, concretamente, de la ciudadan\u00eda de Canarias. Hoy, m\u00e1s que nunca, se hace necesario abrir el partido a la participaci\u00f3n y el debate de [&hellip;]","og_url":"https:\/\/psoecanarias.com\/web\/participacion\/acciones\/","og_site_name":"PSOE Canarias","article_modified_time":"2018-05-14T15:51:30+00:00","og_image":[{"width":303,"height":200,"url":"https:\/\/psoecanarias.com\/web\/wp-content\/uploads\/2020\/03\/thumb_noimages.jpg","type":"image\/jpeg"}],"twitter_card":"summary_large_image","schema":{"@context":"https:\/\/schema.org","@graph":[{"@type":"WebPage","@id":"https:\/\/psoecanarias.com\/web\/participacion\/acciones\/","url":"https:\/\/psoecanarias.com\/web\/participacion\/acciones\/","name":"Acciones | PSOE Canarias","isPartOf":{"@id":"https:\/\/psoecanarias.com\/web\/#website"},"primaryImageOfPage":{"@id":"https:\/\/psoecanarias.com\/web\/participacion\/acciones\/#primaryimage"},"image":{"@id":"https:\/\/psoecanarias.com\/web\/participacion\/acciones\/#primaryimage"},"thumbnailUrl":"https:\/\/psoecanarias.com\/web\/wp-content\/uploads\/2020\/03\/thumb_noimages.jpg","datePublished":"2018-01-29T08:36:28+00:00","dateModified":"2018-05-14T15:51:30+00:00","breadcrumb":{"@id":"https:\/\/psoecanarias.com\/web\/participacion\/acciones\/#breadcrumb"},"inLanguage":"es","potentialAction":[{"@type":"ReadAction","target":["https:\/\/psoecanarias.com\/web\/participacion\/acciones\/"]}]},{"@type":"ImageObject","inLanguage":"es","@id":"https:\/\/psoecanarias.com\/web\/participacion\/acciones\/#primaryimage","url":"https:\/\/psoecanarias.com\/web\/wp-content\/uploads\/2020\/03\/thumb_noimages.jpg","contentUrl":"https:\/\/psoecanarias.com\/web\/wp-content\/uploads\/2020\/03\/thumb_noimages.jpg","width":303,"height":200},{"@type":"BreadcrumbList","@id":"https:\/\/psoecanarias.com\/web\/participacion\/acciones\/#breadcrumb","itemListElement":[{"@type":"ListItem","position":1,"name":"Portada","item":"https:\/\/psoecanarias.com\/web\/"},{"@type":"ListItem","position":2,"name":"Participaci\u00f3n","item":"https:\/\/psoecanarias.com\/web\/participacion\/"},{"@type":"ListItem","position":3,"name":"Acciones"}]},{"@type":"WebSite","@id":"https:\/\/psoecanarias.com\/web\/#website","url":"https:\/\/psoecanarias.com\/web\/","name":"PSOE Canarias","description":"Partido Socialista Obrero Espa\u00f1ol Canarias","potentialAction":[{"@type":"SearchAction","target":{"@type":"EntryPoint","urlTemplate":"https:\/\/psoecanarias.com\/web\/?s={search_term_string}"},"query-input":{"@type":"PropertyValueSpecification","valueRequired":true,"valueName":"search_term_string"}}],"inLanguage":"es"}]}},"_links":{"self":[{"href":"https:\/\/psoecanarias.com\/web\/wp-json\/wp\/v2\/pages\/4560","targetHints":{"allow":["GET"]}}],"collection":[{"href":"https:\/\/psoecanarias.com\/web\/wp-json\/wp\/v2\/pages"}],"about":[{"href":"https:\/\/psoecanarias.com\/web\/wp-json\/wp\/v2\/types\/page"}],"author":[{"embeddable":true,"href":"https:\/\/psoecanarias.com\/web\/wp-json\/wp\/v2\/users\/1"}],"replies":[{"embeddable":true,"href":"https:\/\/psoecanarias.com\/web\/wp-json\/wp\/v2\/comments?post=4560"}],"version-history":[{"count":11,"href":"https:\/\/psoecanarias.com\/web\/wp-json\/wp\/v2\/pages\/4560\/revisions"}],"predecessor-version":[{"id":4898,"href":"https:\/\/psoecanarias.com\/web\/wp-json\/wp\/v2\/pages\/4560\/revisions\/4898"}],"up":[{"embeddable":true,"href":"https:\/\/psoecanarias.com\/web\/wp-json\/wp\/v2\/pages\/4527"}],"wp:featuredmedia":[{"embeddable":true,"href":"https:\/\/psoecanarias.com\/web\/wp-json\/wp\/v2\/media\/8406"}],"wp:attachment":[{"href":"https:\/\/psoecanarias.com\/web\/wp-json\/wp\/v2\/media?parent=4560"}],"curies":[{"name":"wp","href":"https:\/\/api.w.org\/{rel}","templated":true}]}}