{"id":4739,"date":"2018-04-03T13:10:47","date_gmt":"2018-04-03T12:10:47","guid":{"rendered":"http:\/\/psoecanarias.com\/web\/?page_id=4739"},"modified":"2018-10-03T14:51:54","modified_gmt":"2018-10-03T13:51:54","slug":"boletin-psoe-canarias","status":"publish","type":"page","link":"https:\/\/psoecanarias.com\/web\/boletin-psoe-canarias\/","title":{"rendered":"Bolet\u00edn PSOE Canarias"},"content":{"rendered":"<p>Si quieres recibir de manera peri\u00f3dica el Bolet\u00edn de PSOE Canarias en tu mail, s\u00f3lo tienes que rellenar este formulario.<\/p>\n<script>(function() {\n\twindow.mc4wp = window.mc4wp || {\n\t\tlisteners: [],\n\t\tforms: {\n\t\t\ton: function(evt, cb) {\n\t\t\t\twindow.mc4wp.listeners.push(\n\t\t\t\t\t{\n\t\t\t\t\t\tevent   : evt,\n\t\t\t\t\t\tcallback: cb\n\t\t\t\t\t}\n\t\t\t\t);\n\t\t\t}\n\t\t}\n\t}\n})();\n<\/script><!-- Mailchimp for WordPress v4.12.0 - https:\/\/wordpress.org\/plugins\/mailchimp-for-wp\/ --><form id=\"mc4wp-form-1\" class=\"mc4wp-form mc4wp-form-1384 mc4wp-form-theme mc4wp-form-theme-red\" method=\"post\" data-id=\"1384\" data-name=\"Suscr\u00edbete a nuestro Bolet\u00edn de PSOE Canarias\" ><div class=\"mc4wp-form-fields\"><p>\r\n    <label><\/label>\r\n    <input type=\"text\" name=\"FNAME\" placeholder=\"NOMBRE\" required=\"required\">\r\n<\/p>\r\n\r\n<p>\r\n    <label><\/label>\r\n    <input type=\"text\" name=\"FNAME\" placeholder=\"APELLIDOS\" required=\"required\">\r\n<\/p>\r\n\r\n<p>\r\n    <label><\/label>\r\n    <input type=\"email\" name=\"EMAIL\" placeholder=\"EMAIL\" required=\"required\">\r\n<\/p>\r\n\r\n<p>\r\n    <input type=\"submit\" value=\"ENVIAR\">\r\n<\/p>\r\n<p>\r\n    <label>Acci\u00f3n del formulario<\/label>\r\n    <label>\r\n        <input name=\"_mc4wp_action\" type=\"radio\" value=\"subscribe\" required=\"\"> <span>Suscr\u00edbete<\/span>\r\n    <\/label>\r\n   \r\n<\/p>\r\n<\/div><label style=\"display: none !important;\">Deja vac\u00edo este campo si eres humano: <input type=\"text\" name=\"_mc4wp_honeypot\" value=\"\" tabindex=\"-1\" autocomplete=\"off\" \/><\/label><input type=\"hidden\" name=\"_mc4wp_timestamp\" value=\"1775412817\" \/><input type=\"hidden\" name=\"_mc4wp_form_id\" value=\"1384\" \/><input type=\"hidden\" name=\"_mc4wp_form_element_id\" value=\"mc4wp-form-1\" \/><div class=\"mc4wp-response\"><\/div><\/form><!-- \/ Mailchimp for WordPress Plugin -->\n<p>&nbsp;<\/p>\n<p>[ezcol_1third]<\/p>\n<p style=\"text-align: center;\"><strong><a href=\"https:\/\/us17.campaign-archive.com\/?u=f1ccb5271dda1e6bc7e272a84&amp;id=eb114a8368\" target=\"_blank\" rel=\"noopener\">Bolet\u00edn 1<\/a><\/strong><\/p>\n<p><a href=\"https:\/\/us17.campaign-archive.com\/?u=f1ccb5271dda1e6bc7e272a84&amp;id=eb114a8368\"><img loading=\"lazy\" decoding=\"async\" class=\"size-thumbnail wp-image-4766 aligncenter\" src=\"http:\/\/psoecanarias.com\/web\/wp-content\/uploads\/2018\/04\/Captura-de-pantalla-2018-04-03-a-las-13.37.38-150x150.png\" alt=\"\" width=\"150\" height=\"150\" \/><\/a><\/p>\n<p>[\/ezcol_1third] [ezcol_1third]<\/p>\n<p style=\"text-align: center;\"><strong><a href=\"https:\/\/mailchi.mp\/242510a34b09\/boletinpsoecanariasmonografico\">Bolet\u00edn 2 | Monogr\u00e1fico Comit\u00e9 Regional<\/a><\/strong><\/p>\n<p><img loading=\"lazy\" decoding=\"async\" class=\"size-thumbnail wp-image-4795 aligncenter\" src=\"http:\/\/psoecanarias.com\/web\/wp-content\/uploads\/2018\/04\/Captura-de-pantalla-2018-04-12-a-las-21.32.25-150x150.png\" alt=\"\" width=\"150\" height=\"150\" \/><\/p>\n<p>[\/ezcol_1third] [ezcol_1third_end]<\/p>\n<p style=\"text-align: center;\"><a href=\"https:\/\/mailchi.mp\/091fde8cda7e\/boletn-socialista-n-3\"><strong>Bolet\u00edn 3<\/strong><\/a><\/p>\n<p><a href=\"https:\/\/mailchi.mp\/091fde8cda7e\/boletn-socialista-n-3\"><img loading=\"lazy\" decoding=\"async\" class=\"aligncenter size-thumbnail wp-image-4910\" src=\"http:\/\/psoecanarias.com\/web\/wp-content\/uploads\/2018\/05\/Boletin-3-150x150.png\" alt=\"\" width=\"150\" height=\"150\" \/><\/a><\/p>\n<p>[\/ezcol_1third_end]<\/p>\n<p>[ezcol_1third]<\/p>\n<p style=\"text-align: center;\"><a href=\"https:\/\/us17.campaign-archive.com\/?u=f1ccb5271dda1e6bc7e272a84&amp;id=2fd8560e22\"><strong>Bolet\u00edn 4<\/strong><\/a><\/p>\n<p><a href=\"https:\/\/us17.campaign-archive.com\/?u=f1ccb5271dda1e6bc7e272a84&amp;id=2fd8560e22\"><img loading=\"lazy\" decoding=\"async\" class=\"aligncenter size-thumbnail wp-image-4911\" src=\"http:\/\/psoecanarias.com\/web\/wp-content\/uploads\/2018\/05\/Captura-de-pantalla-2018-05-29-a-las-10.21.07-150x150.png\" alt=\"\" width=\"150\" height=\"150\" \/><\/a><\/p>\n<p>[\/ezcol_1third] [ezcol_1third_end]<\/p>\n<p style=\"text-align: center;\"><a href=\"https:\/\/mailchi.mp\/c82de8e4103b\/boletn-n-5-mayo-2018\"><strong>Bolet\u00edn 5<\/strong><\/a><\/p>\n<p><a href=\"https:\/\/mailchi.mp\/c82de8e4103b\/boletn-n-5-mayo-2018\"><img loading=\"lazy\" decoding=\"async\" class=\"aligncenter size-thumbnail wp-image-4912\" src=\"http:\/\/psoecanarias.com\/web\/wp-content\/uploads\/2018\/05\/Captura-de-pantalla-2018-05-29-a-las-10.22.11-150x150.png\" alt=\"\" width=\"150\" height=\"150\" \/><\/a><\/p>\n<p>[\/ezcol_1third_end]<\/p>\n<p>&nbsp;<\/p>\n<p style=\"text-align: center;\"><a href=\"http:\/\/psoecanarias.com\/web\/wp-content\/uploads\/2018\/10\/BOLETIN-6-OCTUBRE.pdf\"><strong>Bolet\u00edn 6<\/strong><\/a><\/p>\n<p><a href=\"http:\/\/psoecanarias.com\/web\/wp-content\/uploads\/2018\/10\/BOLETIN-6-OCTUBRE.pdf\"><img loading=\"lazy\" decoding=\"async\" class=\"aligncenter wp-image-5382\" src=\"http:\/\/psoecanarias.com\/web\/wp-content\/uploads\/2018\/10\/Captura-de-pantalla-2018-10-03-a-las-14.44.40-150x150.png\" alt=\"\" width=\"161\" height=\"161\" \/><\/a><\/p>\n","protected":false},"excerpt":{"rendered":"<p>Si quieres recibir de manera peri\u00f3dica el Bolet\u00edn de PSOE Canarias en tu mail, s\u00f3lo tienes que rellenar este formulario. &nbsp; [ezcol_1third] Bolet\u00edn 1 [\/ezcol_1third] [ezcol_1third] Bolet\u00edn 2 | Monogr\u00e1fico Comit\u00e9 Regional [\/ezcol_1third] [ezcol_1third_end] Bolet\u00edn 3 [\/ezcol_1third_end] [ezcol_1third] Bolet\u00edn 4 [\/ezcol_1third] [ezcol_1third_end] Bolet\u00edn 5 [\/ezcol_1third_end] &nbsp; Bolet\u00edn 6<\/p>\n","protected":false},"author":1,"featured_media":8406,"parent":0,"menu_order":0,"comment_status":"closed","ping_status":"closed","template":"","meta":{"footnotes":""},"class_list":["post-4739","page","type-page","status-publish","has-post-thumbnail","hentry"],"featured_image_src":"https:\/\/psoecanarias.com\/web\/wp-content\/uploads\/2020\/03\/thumb_noimages.jpg","yoast_head":"<!-- This site is optimized with the Yoast SEO plugin v27.2 - https:\/\/yoast.com\/product\/yoast-seo-wordpress\/ -->\n<title>Bolet\u00edn PSOE Canarias | PSOE Canarias<\/title>\n<meta name=\"robots\" content=\"index, follow, max-snippet:-1, max-image-preview:large, max-video-preview:-1\" \/>\n<link rel=\"canonical\" href=\"https:\/\/psoecanarias.com\/web\/boletin-psoe-canarias\/\" \/>\n<meta property=\"og:locale\" content=\"es_ES\" \/>\n<meta property=\"og:type\" content=\"article\" \/>\n<meta property=\"og:title\" content=\"Bolet\u00edn PSOE Canarias | PSOE Canarias\" \/>\n<meta property=\"og:description\" content=\"Si quieres recibir de manera peri\u00f3dica el Bolet\u00edn de PSOE Canarias en tu mail, s\u00f3lo tienes que rellenar este formulario. &nbsp; [ezcol_1third] Bolet\u00edn 1 [\/ezcol_1third] [ezcol_1third] Bolet\u00edn 2 | Monogr\u00e1fico Comit\u00e9 Regional [\/ezcol_1third] [ezcol_1third_end] Bolet\u00edn 3 [\/ezcol_1third_end] [ezcol_1third] Bolet\u00edn 4 [\/ezcol_1third] [ezcol_1third_end] Bolet\u00edn 5 [\/ezcol_1third_end] &nbsp; Bolet\u00edn 6\" \/>\n<meta property=\"og:url\" content=\"https:\/\/psoecanarias.com\/web\/boletin-psoe-canarias\/\" \/>\n<meta property=\"og:site_name\" content=\"PSOE Canarias\" \/>\n<meta property=\"article:modified_time\" content=\"2018-10-03T13:51:54+00:00\" \/>\n<meta property=\"og:image\" content=\"https:\/\/psoecanarias.com\/web\/wp-content\/uploads\/2020\/03\/thumb_noimages.jpg\" \/>\n\t<meta property=\"og:image:width\" content=\"303\" \/>\n\t<meta property=\"og:image:height\" content=\"200\" \/>\n\t<meta property=\"og:image:type\" content=\"image\/jpeg\" \/>\n<meta name=\"twitter:card\" content=\"summary_large_image\" \/>\n<script type=\"application\/ld+json\" class=\"yoast-schema-graph\">{\"@context\":\"https:\/\/schema.org\",\"@graph\":[{\"@type\":\"WebPage\",\"@id\":\"https:\/\/psoecanarias.com\/web\/boletin-psoe-canarias\/\",\"url\":\"https:\/\/psoecanarias.com\/web\/boletin-psoe-canarias\/\",\"name\":\"Bolet\u00edn PSOE Canarias | PSOE Canarias\",\"isPartOf\":{\"@id\":\"https:\/\/psoecanarias.com\/web\/#website\"},\"primaryImageOfPage\":{\"@id\":\"https:\/\/psoecanarias.com\/web\/boletin-psoe-canarias\/#primaryimage\"},\"image\":{\"@id\":\"https:\/\/psoecanarias.com\/web\/boletin-psoe-canarias\/#primaryimage\"},\"thumbnailUrl\":\"https:\/\/psoecanarias.com\/web\/wp-content\/uploads\/2020\/03\/thumb_noimages.jpg\",\"datePublished\":\"2018-04-03T12:10:47+00:00\",\"dateModified\":\"2018-10-03T13:51:54+00:00\",\"breadcrumb\":{\"@id\":\"https:\/\/psoecanarias.com\/web\/boletin-psoe-canarias\/#breadcrumb\"},\"inLanguage\":\"es\",\"potentialAction\":[{\"@type\":\"ReadAction\",\"target\":[\"https:\/\/psoecanarias.com\/web\/boletin-psoe-canarias\/\"]}]},{\"@type\":\"ImageObject\",\"inLanguage\":\"es\",\"@id\":\"https:\/\/psoecanarias.com\/web\/boletin-psoe-canarias\/#primaryimage\",\"url\":\"https:\/\/psoecanarias.com\/web\/wp-content\/uploads\/2020\/03\/thumb_noimages.jpg\",\"contentUrl\":\"https:\/\/psoecanarias.com\/web\/wp-content\/uploads\/2020\/03\/thumb_noimages.jpg\",\"width\":303,\"height\":200},{\"@type\":\"BreadcrumbList\",\"@id\":\"https:\/\/psoecanarias.com\/web\/boletin-psoe-canarias\/#breadcrumb\",\"itemListElement\":[{\"@type\":\"ListItem\",\"position\":1,\"name\":\"Portada\",\"item\":\"https:\/\/psoecanarias.com\/web\/\"},{\"@type\":\"ListItem\",\"position\":2,\"name\":\"Bolet\u00edn PSOE Canarias\"}]},{\"@type\":\"WebSite\",\"@id\":\"https:\/\/psoecanarias.com\/web\/#website\",\"url\":\"https:\/\/psoecanarias.com\/web\/\",\"name\":\"PSOE Canarias\",\"description\":\"Partido Socialista Obrero Espa\u00f1ol Canarias\",\"potentialAction\":[{\"@type\":\"SearchAction\",\"target\":{\"@type\":\"EntryPoint\",\"urlTemplate\":\"https:\/\/psoecanarias.com\/web\/?s={search_term_string}\"},\"query-input\":{\"@type\":\"PropertyValueSpecification\",\"valueRequired\":true,\"valueName\":\"search_term_string\"}}],\"inLanguage\":\"es\"}]}<\/script>\n<!-- \/ Yoast SEO plugin. -->","yoast_head_json":{"title":"Bolet\u00edn PSOE Canarias | PSOE Canarias","robots":{"index":"index","follow":"follow","max-snippet":"max-snippet:-1","max-image-preview":"max-image-preview:large","max-video-preview":"max-video-preview:-1"},"canonical":"https:\/\/psoecanarias.com\/web\/boletin-psoe-canarias\/","og_locale":"es_ES","og_type":"article","og_title":"Bolet\u00edn PSOE Canarias | PSOE Canarias","og_description":"Si quieres recibir de manera peri\u00f3dica el Bolet\u00edn de PSOE Canarias en tu mail, s\u00f3lo tienes que rellenar este formulario. &nbsp; [ezcol_1third] Bolet\u00edn 1 [\/ezcol_1third] [ezcol_1third] Bolet\u00edn 2 | Monogr\u00e1fico Comit\u00e9 Regional [\/ezcol_1third] [ezcol_1third_end] Bolet\u00edn 3 [\/ezcol_1third_end] [ezcol_1third] Bolet\u00edn 4 [\/ezcol_1third] [ezcol_1third_end] Bolet\u00edn 5 [\/ezcol_1third_end] &nbsp; Bolet\u00edn 6","og_url":"https:\/\/psoecanarias.com\/web\/boletin-psoe-canarias\/","og_site_name":"PSOE Canarias","article_modified_time":"2018-10-03T13:51:54+00:00","og_image":[{"width":303,"height":200,"url":"https:\/\/psoecanarias.com\/web\/wp-content\/uploads\/2020\/03\/thumb_noimages.jpg","type":"image\/jpeg"}],"twitter_card":"summary_large_image","schema":{"@context":"https:\/\/schema.org","@graph":[{"@type":"WebPage","@id":"https:\/\/psoecanarias.com\/web\/boletin-psoe-canarias\/","url":"https:\/\/psoecanarias.com\/web\/boletin-psoe-canarias\/","name":"Bolet\u00edn PSOE Canarias | PSOE Canarias","isPartOf":{"@id":"https:\/\/psoecanarias.com\/web\/#website"},"primaryImageOfPage":{"@id":"https:\/\/psoecanarias.com\/web\/boletin-psoe-canarias\/#primaryimage"},"image":{"@id":"https:\/\/psoecanarias.com\/web\/boletin-psoe-canarias\/#primaryimage"},"thumbnailUrl":"https:\/\/psoecanarias.com\/web\/wp-content\/uploads\/2020\/03\/thumb_noimages.jpg","datePublished":"2018-04-03T12:10:47+00:00","dateModified":"2018-10-03T13:51:54+00:00","breadcrumb":{"@id":"https:\/\/psoecanarias.com\/web\/boletin-psoe-canarias\/#breadcrumb"},"inLanguage":"es","potentialAction":[{"@type":"ReadAction","target":["https:\/\/psoecanarias.com\/web\/boletin-psoe-canarias\/"]}]},{"@type":"ImageObject","inLanguage":"es","@id":"https:\/\/psoecanarias.com\/web\/boletin-psoe-canarias\/#primaryimage","url":"https:\/\/psoecanarias.com\/web\/wp-content\/uploads\/2020\/03\/thumb_noimages.jpg","contentUrl":"https:\/\/psoecanarias.com\/web\/wp-content\/uploads\/2020\/03\/thumb_noimages.jpg","width":303,"height":200},{"@type":"BreadcrumbList","@id":"https:\/\/psoecanarias.com\/web\/boletin-psoe-canarias\/#breadcrumb","itemListElement":[{"@type":"ListItem","position":1,"name":"Portada","item":"https:\/\/psoecanarias.com\/web\/"},{"@type":"ListItem","position":2,"name":"Bolet\u00edn PSOE Canarias"}]},{"@type":"WebSite","@id":"https:\/\/psoecanarias.com\/web\/#website","url":"https:\/\/psoecanarias.com\/web\/","name":"PSOE Canarias","description":"Partido Socialista Obrero Espa\u00f1ol Canarias","potentialAction":[{"@type":"SearchAction","target":{"@type":"EntryPoint","urlTemplate":"https:\/\/psoecanarias.com\/web\/?s={search_term_string}"},"query-input":{"@type":"PropertyValueSpecification","valueRequired":true,"valueName":"search_term_string"}}],"inLanguage":"es"}]}},"_links":{"self":[{"href":"https:\/\/psoecanarias.com\/web\/wp-json\/wp\/v2\/pages\/4739","targetHints":{"allow":["GET"]}}],"collection":[{"href":"https:\/\/psoecanarias.com\/web\/wp-json\/wp\/v2\/pages"}],"about":[{"href":"https:\/\/psoecanarias.com\/web\/wp-json\/wp\/v2\/types\/page"}],"author":[{"embeddable":true,"href":"https:\/\/psoecanarias.com\/web\/wp-json\/wp\/v2\/users\/1"}],"replies":[{"embeddable":true,"href":"https:\/\/psoecanarias.com\/web\/wp-json\/wp\/v2\/comments?post=4739"}],"version-history":[{"count":18,"href":"https:\/\/psoecanarias.com\/web\/wp-json\/wp\/v2\/pages\/4739\/revisions"}],"predecessor-version":[{"id":5385,"href":"https:\/\/psoecanarias.com\/web\/wp-json\/wp\/v2\/pages\/4739\/revisions\/5385"}],"wp:featuredmedia":[{"embeddable":true,"href":"https:\/\/psoecanarias.com\/web\/wp-json\/wp\/v2\/media\/8406"}],"wp:attachment":[{"href":"https:\/\/psoecanarias.com\/web\/wp-json\/wp\/v2\/media?parent=4739"}],"curies":[{"name":"wp","href":"https:\/\/api.w.org\/{rel}","templated":true}]}}