{"id":61394,"date":"2025-11-10T19:17:43","date_gmt":"2025-11-10T19:17:43","guid":{"rendered":"https:\/\/psoecanarias.com\/web\/?page_id=61394"},"modified":"2025-12-05T11:30:38","modified_gmt":"2025-12-05T11:30:38","slug":"estructura","status":"publish","type":"page","link":"https:\/\/psoecanarias.com\/web\/estructura\/","title":{"rendered":"Estructura"},"content":{"rendered":"<p>La <strong>estructura funcional del PSOE<\/strong> se basa en tres \u00e1mbitos:<\/p>\n<ul>\n<li>Decisorio y de m\u00e1xima representaci\u00f3n: Congresos.<\/li>\n<li>Control pol\u00edtico y de direcci\u00f3n: Comit\u00e9s, asambleas y \u00f3rganos de control<\/li>\n<li>Ejecutivo: Comisiones ejecutivas.<\/li>\n<\/ul>\n<p>Con la excepci\u00f3n del nivel municipal, esta estructura funcional se reproduce en los distintos niveles territoriales del Partido.<\/p>\n<p>La<strong> estructura territorial del PSOE<\/strong> se organiza en:<\/p>\n<ul>\n<li>Federal<\/li>\n<li>Regional o nacional<\/li>\n<li>Insular o provincial<\/li>\n<li>Local o de distrito<\/li>\n<\/ul>\n<p><a href=\"https:\/\/psoecanarias.com\/web\/estructura\/attachment\/2\/\" rel=\"attachment wp-att-61624\"><img loading=\"lazy\" decoding=\"async\" class=\"aligncenter wp-image-61624 size-full\" src=\"https:\/\/psoecanarias.com\/web\/wp-content\/uploads\/2025\/11\/2.png\" alt=\"\" width=\"1400\" height=\"475\" data-id=\"61624\" \/><\/a><\/p>\n<p><strong>ESTRUCTURA FUNCIONAL<\/strong><\/p>\n<p><strong>Congresos<\/strong><\/p>\n<p>Son el m\u00e1ximo \u00f3rgano del Partido en cada nivel territorial.<\/p>\n<p>En ellos se fijan los programas del Partido, se establece la l\u00ednea pol\u00edtica y se se\u00f1ala su estrategia. Es este \u00f3rgano el que elige a la comisi\u00f3n ejecutiva, un porcentaje del respectivo comit\u00e9 y, en su caso, a los \u00f3rganos de control.<\/p>\n<p>Est\u00e1 compuesto por representantes de los militantes del \u00e1mbito territorial inferior.<\/p>\n<p>Se aplica a los \u00e1mbitos Federal, Regional o de Nacionalidad y Provincial o Insular.<\/p>\n<p><strong>Comit\u00e9s<\/strong><\/p>\n<p>Son el m\u00e1ximo \u00f3rgano del Partido, en cada \u00e1mbito, entre congresos.<\/p>\n<p>Entre sus funciones est\u00e1 ejercer el control pol\u00edtico de la gesti\u00f3n de la Comisi\u00f3n Ejecutiva de su \u00e1mbito, definir la pol\u00edtica del Partido para su \u00e1mbito en el marco de las resoluciones de los congresos, designar a los candidatos a las elecciones, establecer la pol\u00edtica electoral del Partido para su \u00e1mbito, etc.<\/p>\n<p>Principalmente est\u00e1n compuestos por delegados del \u00e1mbito territorial inferior.<\/p>\n<p>Se aplica a los \u00e1mbitos Federal, Regional e insular.<\/p>\n<p><strong>\u00d3rganos de control<\/strong><\/p>\n<p>Junto a los Congresos, Comit\u00e9s y Comisiones Ejecutivas existen otros \u00f3rganos que se encargan de controlar aspectos muy espec\u00edficos de la vida org\u00e1nica del PSOE.<\/p>\n<p>Estos \u00f3rganos, elegidos en los congresos son:<\/p>\n<ul>\n<li>La Comisi\u00f3n de Garant\u00edas Electorales<\/li>\n<li>La Comisi\u00f3n Regional de \u00c9tica<\/li>\n<li>La Comisi\u00f3n Regional de Listas<\/li>\n<\/ul>\n<p><strong>Comisi\u00f3n Ejecutiva<\/strong><\/p>\n<p>Son el \u00f3rgano ejecutivo del Partido en cada \u00e1mbito territorial.<\/p>\n<p>Aprueban los documentos pol\u00edticos de la organizaci\u00f3n, realizan el seguimiento de la acci\u00f3n de gobierno y de nuestros representantes, dirigen y coordinan la actividad cotidiana del Partido, etc.<\/p>\n<p>Son elegidas por el Congreso del respectivo \u00e1mbito territorial.<\/p>\n<p>Se aplica a los \u00e1mbitos Federal, Regional, Insular y Municipal.<\/p>\n<p><strong>ESTRUCTURA TERRITORIAL<\/strong><\/p>\n<p>El PSOE es una organizaci\u00f3n pol\u00edtica de car\u00e1cter federal, constituido sobre la base de Agrupaciones Municipales y de Distrito, Provinciales o Insulares y estructurado en Partidos o Federaciones de Nacionalidad o Regi\u00f3n.<\/p>\n<p>La relaci\u00f3n entre los distintos \u00e1mbitos territoriales en los que se articula el PSOE se basa en la autonom\u00eda de los \u00f3rganos que lo integran dentro de las competencias que estatutariamente les corresponden.<\/p>\n<p>Adem\u00e1s de por la participaci\u00f3n de los representantes de los Partidos o Federaciones de Nacionalidad o Regi\u00f3n en los \u00f3rganos del Partido, los socialistas de las distintas Comunidades Aut\u00f3nomas pueden expresar su parecer respecto a las cuestiones que les ata\u00f1en en el Consejo Territorial.<\/p>\n<p><strong>Partidos o Federaciones de nacionalidad<\/strong><\/p>\n<p>Su \u00e1mbito territorial es la Comunidad Aut\u00f3noma.<\/p>\n<p>Gozan de plena autonom\u00eda organizativa interna, dentro de los l\u00edmites marcados por los Estatutos y Reglamentos Federales, as\u00ed como para determinar su denominaci\u00f3n que, en cualquier caso, deber\u00e1 ir acompa\u00f1ada de las siglas PSOE.<\/p>\n<p>Desarrollan y aplican en el \u00e1mbito de su Comunidad Aut\u00f3noma las resoluciones, propuestas y actuaciones pol\u00edticas definidas por el Congreso Federal del Partido, as\u00ed como por el resto de \u00f3rganos federales del PSOE cuando tengan competencia para ello.<\/p>\n<p>Sus \u00f3rganos son el Congreso Regional, el Comit\u00e9 Regional y la Comisi\u00f3n Ejecutiva Regional o Nacional.<\/p>\n<p><strong>Agrupaciones Insulares<\/strong><\/p>\n<p>Las distintas Agrupaciones Municipales se integran en Agrupaciones Insulares<\/p>\n<p>Su funci\u00f3n es desarrollar en su \u00e1mbito la pol\u00edtica General del Partido, coordinando la acci\u00f3n pol\u00edtica en su \u00e1mbito territorial.<\/p>\n<p>Sus \u00f3rganos son el Congreso Insular, El Comit\u00e9 Insular y la Comisi\u00f3n Ejecutiva Insular.<\/p>\n<p><strong>Agrupaciones Municipales<\/strong><\/p>\n<p>Constituyen la estructura org\u00e1nica m\u00e1s cercana al ciudadano, siendo el primer punto de informaci\u00f3n que el Partido tiene sobre las necesidades e inquietudes de la ciudadan\u00eda y el \u00faltimo altavoz desde el que difundir nuestras propuestas y actuaciones.<\/p>\n<p>Son la unidad b\u00e1sica de militancia, desempe\u00f1ando un papel decisivo en la vida pol\u00edtica y org\u00e1nica del Partido.<\/p>\n<p>En ellas se participa en el dise\u00f1o de la acci\u00f3n pol\u00edtica del PSOE para el respectivo municipio, de ellas surgen las propuestas de los candidatos a las distintas elecciones, las proposiciones program\u00e1ticas para los distintos Congresos, as\u00ed como donde se eligen los compa\u00f1eros y compa\u00f1eras que han de representar a la Agrupaci\u00f3n en otros \u00f3rganos del Partido.<\/p>\n<p><strong>Asamblea<\/strong><\/p>\n<p>La Asamblea est\u00e1 compuesta por todos\/as los\/as militantes que gocen de la plenitud de sus derechos seg\u00fan el Reglamento Federal de Desarrollo de los Estatutos Federales; es el m\u00e1ximo \u00f3rgano de la Agrupaci\u00f3n Local o Municipal.<\/p>\n<p>Desarrolla su actividad con autonom\u00eda dentro de su \u00e1mbito territorial de acuerdo con lo dispuesto en las resoluciones del Congreso Federal, el Comit\u00e9 Federal, la Comisi\u00f3n Ejecutiva Federal y en las resoluciones y acuerdos de los \u00f3rganos de su \u00e1mbito superior.<\/p>\n<p><strong>Primarias<\/strong><\/p>\n<p>Es el sistema de elecci\u00f3n de la persona que ostentar\u00e1 la secretar\u00eda general de una comisi\u00f3n ejecutiva en los \u00e1mbitos Federal, Regional e Insular.<\/p>\n<p><a href=\"https:\/\/psoecanarias.com\/web\/estructura\/1-3\/\" rel=\"attachment wp-att-61628\"><img loading=\"lazy\" decoding=\"async\" class=\"aligncenter size-full wp-image-61628\" src=\"https:\/\/psoecanarias.com\/web\/wp-content\/uploads\/2025\/11\/1.png\" alt=\"\" width=\"1400\" height=\"475\" data-id=\"61628\" \/><\/a><\/p>\n","protected":false},"excerpt":{"rendered":"<p>La estructura funcional del PSOE se basa en tres \u00e1mbitos: Decisorio y de m\u00e1xima representaci\u00f3n: Congresos. Control pol\u00edtico y de direcci\u00f3n: Comit\u00e9s, asambleas y \u00f3rganos de control Ejecutivo: Comisiones ejecutivas. Con la excepci\u00f3n del nivel municipal, esta estructura funcional se reproduce en los distintos niveles territoriales del Partido. La estructura territorial del PSOE se organiza [&hellip;]<\/p>\n","protected":false},"author":1,"featured_media":8406,"parent":0,"menu_order":0,"comment_status":"closed","ping_status":"closed","template":"","meta":{"footnotes":""},"class_list":["post-61394","page","type-page","status-publish","has-post-thumbnail","hentry"],"featured_image_src":"https:\/\/psoecanarias.com\/web\/wp-content\/uploads\/2020\/03\/thumb_noimages.jpg","yoast_head":"<!-- This site is optimized with the Yoast SEO plugin v27.2 - https:\/\/yoast.com\/product\/yoast-seo-wordpress\/ -->\n<title>Estructura | PSOE Canarias<\/title>\n<meta name=\"robots\" content=\"index, follow, max-snippet:-1, max-image-preview:large, max-video-preview:-1\" \/>\n<link rel=\"canonical\" href=\"https:\/\/psoecanarias.com\/web\/estructura\/\" \/>\n<meta property=\"og:locale\" content=\"es_ES\" \/>\n<meta property=\"og:type\" content=\"article\" \/>\n<meta property=\"og:title\" content=\"Estructura | PSOE Canarias\" \/>\n<meta property=\"og:description\" content=\"La estructura funcional del PSOE se basa en tres \u00e1mbitos: Decisorio y de m\u00e1xima representaci\u00f3n: Congresos. Control pol\u00edtico y de direcci\u00f3n: Comit\u00e9s, asambleas y \u00f3rganos de control Ejecutivo: Comisiones ejecutivas. Con la excepci\u00f3n del nivel municipal, esta estructura funcional se reproduce en los distintos niveles territoriales del Partido. La estructura territorial del PSOE se organiza [&hellip;]\" \/>\n<meta property=\"og:url\" content=\"https:\/\/psoecanarias.com\/web\/estructura\/\" \/>\n<meta property=\"og:site_name\" content=\"PSOE Canarias\" \/>\n<meta property=\"article:modified_time\" content=\"2025-12-05T11:30:38+00:00\" \/>\n<meta property=\"og:image\" content=\"https:\/\/psoecanarias.com\/web\/wp-content\/uploads\/2025\/11\/2.png\" \/>\n\t<meta property=\"og:image:width\" content=\"1400\" \/>\n\t<meta property=\"og:image:height\" content=\"475\" \/>\n\t<meta property=\"og:image:type\" content=\"image\/png\" \/>\n<meta name=\"twitter:card\" content=\"summary_large_image\" \/>\n<script type=\"application\/ld+json\" class=\"yoast-schema-graph\">{\"@context\":\"https:\/\/schema.org\",\"@graph\":[{\"@type\":\"WebPage\",\"@id\":\"https:\/\/psoecanarias.com\/web\/estructura\/\",\"url\":\"https:\/\/psoecanarias.com\/web\/estructura\/\",\"name\":\"Estructura | PSOE Canarias\",\"isPartOf\":{\"@id\":\"https:\/\/psoecanarias.com\/web\/#website\"},\"primaryImageOfPage\":{\"@id\":\"https:\/\/psoecanarias.com\/web\/estructura\/#primaryimage\"},\"image\":{\"@id\":\"https:\/\/psoecanarias.com\/web\/estructura\/#primaryimage\"},\"thumbnailUrl\":\"https:\/\/psoecanarias.com\/web\/wp-content\/uploads\/2020\/03\/thumb_noimages.jpg\",\"datePublished\":\"2025-11-10T19:17:43+00:00\",\"dateModified\":\"2025-12-05T11:30:38+00:00\",\"breadcrumb\":{\"@id\":\"https:\/\/psoecanarias.com\/web\/estructura\/#breadcrumb\"},\"inLanguage\":\"es\",\"potentialAction\":[{\"@type\":\"ReadAction\",\"target\":[\"https:\/\/psoecanarias.com\/web\/estructura\/\"]}]},{\"@type\":\"ImageObject\",\"inLanguage\":\"es\",\"@id\":\"https:\/\/psoecanarias.com\/web\/estructura\/#primaryimage\",\"url\":\"https:\/\/psoecanarias.com\/web\/wp-content\/uploads\/2020\/03\/thumb_noimages.jpg\",\"contentUrl\":\"https:\/\/psoecanarias.com\/web\/wp-content\/uploads\/2020\/03\/thumb_noimages.jpg\",\"width\":303,\"height\":200},{\"@type\":\"BreadcrumbList\",\"@id\":\"https:\/\/psoecanarias.com\/web\/estructura\/#breadcrumb\",\"itemListElement\":[{\"@type\":\"ListItem\",\"position\":1,\"name\":\"Portada\",\"item\":\"https:\/\/psoecanarias.com\/web\/\"},{\"@type\":\"ListItem\",\"position\":2,\"name\":\"Estructura\"}]},{\"@type\":\"WebSite\",\"@id\":\"https:\/\/psoecanarias.com\/web\/#website\",\"url\":\"https:\/\/psoecanarias.com\/web\/\",\"name\":\"PSOE Canarias\",\"description\":\"Partido Socialista Obrero Espa\u00f1ol Canarias\",\"potentialAction\":[{\"@type\":\"SearchAction\",\"target\":{\"@type\":\"EntryPoint\",\"urlTemplate\":\"https:\/\/psoecanarias.com\/web\/?s={search_term_string}\"},\"query-input\":{\"@type\":\"PropertyValueSpecification\",\"valueRequired\":true,\"valueName\":\"search_term_string\"}}],\"inLanguage\":\"es\"}]}<\/script>\n<!-- \/ Yoast SEO plugin. -->","yoast_head_json":{"title":"Estructura | PSOE Canarias","robots":{"index":"index","follow":"follow","max-snippet":"max-snippet:-1","max-image-preview":"max-image-preview:large","max-video-preview":"max-video-preview:-1"},"canonical":"https:\/\/psoecanarias.com\/web\/estructura\/","og_locale":"es_ES","og_type":"article","og_title":"Estructura | PSOE Canarias","og_description":"La estructura funcional del PSOE se basa en tres \u00e1mbitos: Decisorio y de m\u00e1xima representaci\u00f3n: Congresos. Control pol\u00edtico y de direcci\u00f3n: Comit\u00e9s, asambleas y \u00f3rganos de control Ejecutivo: Comisiones ejecutivas. Con la excepci\u00f3n del nivel municipal, esta estructura funcional se reproduce en los distintos niveles territoriales del Partido. La estructura territorial del PSOE se organiza [&hellip;]","og_url":"https:\/\/psoecanarias.com\/web\/estructura\/","og_site_name":"PSOE Canarias","article_modified_time":"2025-12-05T11:30:38+00:00","og_image":[{"width":1400,"height":475,"url":"https:\/\/psoecanarias.com\/web\/wp-content\/uploads\/2025\/11\/2.png","type":"image\/png"}],"twitter_card":"summary_large_image","schema":{"@context":"https:\/\/schema.org","@graph":[{"@type":"WebPage","@id":"https:\/\/psoecanarias.com\/web\/estructura\/","url":"https:\/\/psoecanarias.com\/web\/estructura\/","name":"Estructura | PSOE Canarias","isPartOf":{"@id":"https:\/\/psoecanarias.com\/web\/#website"},"primaryImageOfPage":{"@id":"https:\/\/psoecanarias.com\/web\/estructura\/#primaryimage"},"image":{"@id":"https:\/\/psoecanarias.com\/web\/estructura\/#primaryimage"},"thumbnailUrl":"https:\/\/psoecanarias.com\/web\/wp-content\/uploads\/2020\/03\/thumb_noimages.jpg","datePublished":"2025-11-10T19:17:43+00:00","dateModified":"2025-12-05T11:30:38+00:00","breadcrumb":{"@id":"https:\/\/psoecanarias.com\/web\/estructura\/#breadcrumb"},"inLanguage":"es","potentialAction":[{"@type":"ReadAction","target":["https:\/\/psoecanarias.com\/web\/estructura\/"]}]},{"@type":"ImageObject","inLanguage":"es","@id":"https:\/\/psoecanarias.com\/web\/estructura\/#primaryimage","url":"https:\/\/psoecanarias.com\/web\/wp-content\/uploads\/2020\/03\/thumb_noimages.jpg","contentUrl":"https:\/\/psoecanarias.com\/web\/wp-content\/uploads\/2020\/03\/thumb_noimages.jpg","width":303,"height":200},{"@type":"BreadcrumbList","@id":"https:\/\/psoecanarias.com\/web\/estructura\/#breadcrumb","itemListElement":[{"@type":"ListItem","position":1,"name":"Portada","item":"https:\/\/psoecanarias.com\/web\/"},{"@type":"ListItem","position":2,"name":"Estructura"}]},{"@type":"WebSite","@id":"https:\/\/psoecanarias.com\/web\/#website","url":"https:\/\/psoecanarias.com\/web\/","name":"PSOE Canarias","description":"Partido Socialista Obrero Espa\u00f1ol Canarias","potentialAction":[{"@type":"SearchAction","target":{"@type":"EntryPoint","urlTemplate":"https:\/\/psoecanarias.com\/web\/?s={search_term_string}"},"query-input":{"@type":"PropertyValueSpecification","valueRequired":true,"valueName":"search_term_string"}}],"inLanguage":"es"}]}},"_links":{"self":[{"href":"https:\/\/psoecanarias.com\/web\/wp-json\/wp\/v2\/pages\/61394","targetHints":{"allow":["GET"]}}],"collection":[{"href":"https:\/\/psoecanarias.com\/web\/wp-json\/wp\/v2\/pages"}],"about":[{"href":"https:\/\/psoecanarias.com\/web\/wp-json\/wp\/v2\/types\/page"}],"author":[{"embeddable":true,"href":"https:\/\/psoecanarias.com\/web\/wp-json\/wp\/v2\/users\/1"}],"replies":[{"embeddable":true,"href":"https:\/\/psoecanarias.com\/web\/wp-json\/wp\/v2\/comments?post=61394"}],"version-history":[{"count":8,"href":"https:\/\/psoecanarias.com\/web\/wp-json\/wp\/v2\/pages\/61394\/revisions"}],"predecessor-version":[{"id":62034,"href":"https:\/\/psoecanarias.com\/web\/wp-json\/wp\/v2\/pages\/61394\/revisions\/62034"}],"wp:featuredmedia":[{"embeddable":true,"href":"https:\/\/psoecanarias.com\/web\/wp-json\/wp\/v2\/media\/8406"}],"wp:attachment":[{"href":"https:\/\/psoecanarias.com\/web\/wp-json\/wp\/v2\/media?parent=61394"}],"curies":[{"name":"wp","href":"https:\/\/api.w.org\/{rel}","templated":true}]}}