{"id":61984,"date":"2025-12-03T12:28:24","date_gmt":"2025-12-03T12:28:24","guid":{"rendered":"https:\/\/psoecanarias.com\/web\/?page_id=61984"},"modified":"2026-01-28T19:57:32","modified_gmt":"2026-01-28T19:57:32","slug":"accesibilidad","status":"publish","type":"page","link":"https:\/\/psoecanarias.com\/web\/accesibilidad\/","title":{"rendered":"Accesibilidad"},"content":{"rendered":"<p data-originalfontsize=\"inherit\" data-originalcomputedfontsize=\"16\">El PSOE Canarias se ha comprometido a hacer accesible su sitio web de conformidad con el\u00a0<a href=\"https:\/\/www.boe.es\/diario_boe\/txt.php?id=BOE-A-2018-12699\" target=\"_blank\" rel=\"noopener\" data-saferedirecturl=\"https:\/\/www.google.com\/url?q=https:\/\/www.boe.es\/diario_boe\/txt.php?id%3DBOE-A-2018-12699&amp;source=gmail&amp;ust=1769715139011000&amp;usg=AOvVaw1kNPli-CDbJYcjO1fcUtyy\" data-removefontsize=\"true\" data-originalcomputedfontsize=\"16\">Real Decreto 1112\/2018, de 7 de septiembre, sobre accesibilidad de los sitios web y aplicaciones para dispositivos m\u00f3viles del sector p\u00fablico<\/a>.<\/p>\n<p data-originalfontsize=\"inherit\" data-originalcomputedfontsize=\"16\">La presente declaraci\u00f3n de accesibilidad se aplica al sitio web <a href=\"https:\/\/www.psoecanarias.com\/\" target=\"_blank\" rel=\"noopener\" data-saferedirecturl=\"https:\/\/www.google.com\/url?q=https:\/\/www.psoecanarias.com&amp;source=gmail&amp;ust=1769715139011000&amp;usg=AOvVaw3tin-ZnVqr-SH10g6my1KV\" data-removefontsize=\"true\" data-originalcomputedfontsize=\"16\">https:\/\/www.psoecanarias.com<\/a><\/p>\n<p><strong data-removefontsize=\"true\" data-originalcomputedfontsize=\"16\">Situaci\u00f3n de cumplimiento<\/strong><\/p>\n<p data-originalfontsize=\"inherit\" data-originalcomputedfontsize=\"16\">Este sitio web es\u00a0<strong data-removefontsize=\"true\" data-originalcomputedfontsize=\"16\">parcialmente conforme<\/strong>\u00a0con el\u00a0<strong data-removefontsize=\"true\" data-originalcomputedfontsize=\"16\">Real Decreto 1112\/2018, de 7 de septiembre<\/strong>, sobre accesibilidad de los sitios web y aplicaciones para dispositivos m\u00f3viles del sector p\u00fablico, debido a la posible existencia de determinados aspectos que no se ajustan plenamente a la normativa.<\/p>\n<h4 data-originalfontsize=\"inherit\" data-originalcomputedfontsize=\"16\">Preparaci\u00f3n de la presente declaraci\u00f3n de accesibilidad<\/h4>\n<p data-originalfontsize=\"inherit\" data-originalcomputedfontsize=\"16\">La presente declaraci\u00f3n fue preparada el 28 de enero de 2026, mediante una autoevaluaci\u00f3n llevada a cabo por el propio Partido.<\/p>\n<p><strong data-removefontsize=\"true\" data-originalcomputedfontsize=\"16\">Observaciones y datos de contacto<\/strong><\/p>\n<p data-originalfontsize=\"inherit\" data-originalcomputedfontsize=\"16\">Si detectas barreras de accesibilidad o deseas realizar alguna comunicaci\u00f3n sobre requisitos de accesibilidad (art\u00edculo 10.2.a) del RD 1112\/2018) a trav\u00e9s del siguiente correo: <a href=\"mailto:info@psoecanarias.com\" target=\"_blank\" rel=\"noopener\" data-removefontsize=\"true\" data-originalcomputedfontsize=\"16\">info@psoecanarias.com<\/a> o de manera presencial en Avenida Islas Canarias, n\u00ba 136, 1er piso, en Santa Cruz de Tenerife o Avenida Juan XXIII, n.\u00ba 11, Local 2. (esquina con calle \u00c1ngel Guimer\u00e1) en Las Palmas de Gran Canaria.<\/p>\n<h4 data-originalfontsize=\"inherit\" data-originalcomputedfontsize=\"16\">Procedimiento de aplicaci\u00f3n<\/h4>\n<p data-originalfontsize=\"inherit\" data-originalcomputedfontsize=\"16\">En caso de que la respuesta a la comunicaci\u00f3n o solicitud no sea satisfactoria, podr\u00e1s iniciar una reclamaci\u00f3n conforme al procedimiento previsto en el\u00a0<strong data-removefontsize=\"true\" data-originalcomputedfontsize=\"16\">art\u00edculo 13 del Real Decreto 1112\/2018<\/strong>, a trav\u00e9s de los cauces legalmente establecidos.<\/p>\n","protected":false},"excerpt":{"rendered":"<p>El PSOE Canarias se ha comprometido a hacer accesible su sitio web de conformidad con el\u00a0Real Decreto 1112\/2018, de 7 de septiembre, sobre accesibilidad de los sitios web y aplicaciones para dispositivos m\u00f3viles del sector p\u00fablico. La presente declaraci\u00f3n de accesibilidad se aplica al sitio web https:\/\/www.psoecanarias.com Situaci\u00f3n de cumplimiento Este sitio web es\u00a0parcialmente conforme\u00a0con [&hellip;]<\/p>\n","protected":false},"author":1,"featured_media":8406,"parent":0,"menu_order":0,"comment_status":"closed","ping_status":"closed","template":"","meta":{"footnotes":""},"class_list":["post-61984","page","type-page","status-publish","has-post-thumbnail","hentry"],"featured_image_src":"https:\/\/psoecanarias.com\/web\/wp-content\/uploads\/2020\/03\/thumb_noimages.jpg","yoast_head":"<!-- This site is optimized with the Yoast SEO plugin v27.2 - https:\/\/yoast.com\/product\/yoast-seo-wordpress\/ -->\n<title>Accesibilidad | PSOE Canarias<\/title>\n<meta name=\"robots\" content=\"index, follow, max-snippet:-1, max-image-preview:large, max-video-preview:-1\" \/>\n<link rel=\"canonical\" href=\"https:\/\/psoecanarias.com\/web\/accesibilidad\/\" \/>\n<meta property=\"og:locale\" content=\"es_ES\" \/>\n<meta property=\"og:type\" content=\"article\" \/>\n<meta property=\"og:title\" content=\"Accesibilidad | PSOE Canarias\" \/>\n<meta property=\"og:description\" content=\"El PSOE Canarias se ha comprometido a hacer accesible su sitio web de conformidad con el\u00a0Real Decreto 1112\/2018, de 7 de septiembre, sobre accesibilidad de los sitios web y aplicaciones para dispositivos m\u00f3viles del sector p\u00fablico. La presente declaraci\u00f3n de accesibilidad se aplica al sitio web https:\/\/www.psoecanarias.com Situaci\u00f3n de cumplimiento Este sitio web es\u00a0parcialmente conforme\u00a0con [&hellip;]\" \/>\n<meta property=\"og:url\" content=\"https:\/\/psoecanarias.com\/web\/accesibilidad\/\" \/>\n<meta property=\"og:site_name\" content=\"PSOE Canarias\" \/>\n<meta property=\"article:modified_time\" content=\"2026-01-28T19:57:32+00:00\" \/>\n<meta name=\"twitter:card\" content=\"summary_large_image\" \/>\n<script type=\"application\/ld+json\" class=\"yoast-schema-graph\">{\"@context\":\"https:\/\/schema.org\",\"@graph\":[{\"@type\":\"WebPage\",\"@id\":\"https:\/\/psoecanarias.com\/web\/accesibilidad\/\",\"url\":\"https:\/\/psoecanarias.com\/web\/accesibilidad\/\",\"name\":\"Accesibilidad | PSOE Canarias\",\"isPartOf\":{\"@id\":\"https:\/\/psoecanarias.com\/web\/#website\"},\"primaryImageOfPage\":{\"@id\":\"https:\/\/psoecanarias.com\/web\/accesibilidad\/#primaryimage\"},\"image\":{\"@id\":\"https:\/\/psoecanarias.com\/web\/accesibilidad\/#primaryimage\"},\"thumbnailUrl\":\"https:\/\/psoecanarias.com\/web\/wp-content\/uploads\/2020\/03\/thumb_noimages.jpg\",\"datePublished\":\"2025-12-03T12:28:24+00:00\",\"dateModified\":\"2026-01-28T19:57:32+00:00\",\"breadcrumb\":{\"@id\":\"https:\/\/psoecanarias.com\/web\/accesibilidad\/#breadcrumb\"},\"inLanguage\":\"es\",\"potentialAction\":[{\"@type\":\"ReadAction\",\"target\":[\"https:\/\/psoecanarias.com\/web\/accesibilidad\/\"]}]},{\"@type\":\"ImageObject\",\"inLanguage\":\"es\",\"@id\":\"https:\/\/psoecanarias.com\/web\/accesibilidad\/#primaryimage\",\"url\":\"https:\/\/psoecanarias.com\/web\/wp-content\/uploads\/2020\/03\/thumb_noimages.jpg\",\"contentUrl\":\"https:\/\/psoecanarias.com\/web\/wp-content\/uploads\/2020\/03\/thumb_noimages.jpg\",\"width\":303,\"height\":200},{\"@type\":\"BreadcrumbList\",\"@id\":\"https:\/\/psoecanarias.com\/web\/accesibilidad\/#breadcrumb\",\"itemListElement\":[{\"@type\":\"ListItem\",\"position\":1,\"name\":\"Portada\",\"item\":\"https:\/\/psoecanarias.com\/web\/\"},{\"@type\":\"ListItem\",\"position\":2,\"name\":\"Accesibilidad\"}]},{\"@type\":\"WebSite\",\"@id\":\"https:\/\/psoecanarias.com\/web\/#website\",\"url\":\"https:\/\/psoecanarias.com\/web\/\",\"name\":\"PSOE Canarias\",\"description\":\"Partido Socialista Obrero Espa\u00f1ol Canarias\",\"potentialAction\":[{\"@type\":\"SearchAction\",\"target\":{\"@type\":\"EntryPoint\",\"urlTemplate\":\"https:\/\/psoecanarias.com\/web\/?s={search_term_string}\"},\"query-input\":{\"@type\":\"PropertyValueSpecification\",\"valueRequired\":true,\"valueName\":\"search_term_string\"}}],\"inLanguage\":\"es\"}]}<\/script>\n<!-- \/ Yoast SEO plugin. -->","yoast_head_json":{"title":"Accesibilidad | PSOE Canarias","robots":{"index":"index","follow":"follow","max-snippet":"max-snippet:-1","max-image-preview":"max-image-preview:large","max-video-preview":"max-video-preview:-1"},"canonical":"https:\/\/psoecanarias.com\/web\/accesibilidad\/","og_locale":"es_ES","og_type":"article","og_title":"Accesibilidad | PSOE Canarias","og_description":"El PSOE Canarias se ha comprometido a hacer accesible su sitio web de conformidad con el\u00a0Real Decreto 1112\/2018, de 7 de septiembre, sobre accesibilidad de los sitios web y aplicaciones para dispositivos m\u00f3viles del sector p\u00fablico. La presente declaraci\u00f3n de accesibilidad se aplica al sitio web https:\/\/www.psoecanarias.com Situaci\u00f3n de cumplimiento Este sitio web es\u00a0parcialmente conforme\u00a0con [&hellip;]","og_url":"https:\/\/psoecanarias.com\/web\/accesibilidad\/","og_site_name":"PSOE Canarias","article_modified_time":"2026-01-28T19:57:32+00:00","twitter_card":"summary_large_image","schema":{"@context":"https:\/\/schema.org","@graph":[{"@type":"WebPage","@id":"https:\/\/psoecanarias.com\/web\/accesibilidad\/","url":"https:\/\/psoecanarias.com\/web\/accesibilidad\/","name":"Accesibilidad | PSOE Canarias","isPartOf":{"@id":"https:\/\/psoecanarias.com\/web\/#website"},"primaryImageOfPage":{"@id":"https:\/\/psoecanarias.com\/web\/accesibilidad\/#primaryimage"},"image":{"@id":"https:\/\/psoecanarias.com\/web\/accesibilidad\/#primaryimage"},"thumbnailUrl":"https:\/\/psoecanarias.com\/web\/wp-content\/uploads\/2020\/03\/thumb_noimages.jpg","datePublished":"2025-12-03T12:28:24+00:00","dateModified":"2026-01-28T19:57:32+00:00","breadcrumb":{"@id":"https:\/\/psoecanarias.com\/web\/accesibilidad\/#breadcrumb"},"inLanguage":"es","potentialAction":[{"@type":"ReadAction","target":["https:\/\/psoecanarias.com\/web\/accesibilidad\/"]}]},{"@type":"ImageObject","inLanguage":"es","@id":"https:\/\/psoecanarias.com\/web\/accesibilidad\/#primaryimage","url":"https:\/\/psoecanarias.com\/web\/wp-content\/uploads\/2020\/03\/thumb_noimages.jpg","contentUrl":"https:\/\/psoecanarias.com\/web\/wp-content\/uploads\/2020\/03\/thumb_noimages.jpg","width":303,"height":200},{"@type":"BreadcrumbList","@id":"https:\/\/psoecanarias.com\/web\/accesibilidad\/#breadcrumb","itemListElement":[{"@type":"ListItem","position":1,"name":"Portada","item":"https:\/\/psoecanarias.com\/web\/"},{"@type":"ListItem","position":2,"name":"Accesibilidad"}]},{"@type":"WebSite","@id":"https:\/\/psoecanarias.com\/web\/#website","url":"https:\/\/psoecanarias.com\/web\/","name":"PSOE Canarias","description":"Partido Socialista Obrero Espa\u00f1ol Canarias","potentialAction":[{"@type":"SearchAction","target":{"@type":"EntryPoint","urlTemplate":"https:\/\/psoecanarias.com\/web\/?s={search_term_string}"},"query-input":{"@type":"PropertyValueSpecification","valueRequired":true,"valueName":"search_term_string"}}],"inLanguage":"es"}]}},"_links":{"self":[{"href":"https:\/\/psoecanarias.com\/web\/wp-json\/wp\/v2\/pages\/61984","targetHints":{"allow":["GET"]}}],"collection":[{"href":"https:\/\/psoecanarias.com\/web\/wp-json\/wp\/v2\/pages"}],"about":[{"href":"https:\/\/psoecanarias.com\/web\/wp-json\/wp\/v2\/types\/page"}],"author":[{"embeddable":true,"href":"https:\/\/psoecanarias.com\/web\/wp-json\/wp\/v2\/users\/1"}],"replies":[{"embeddable":true,"href":"https:\/\/psoecanarias.com\/web\/wp-json\/wp\/v2\/comments?post=61984"}],"version-history":[{"count":5,"href":"https:\/\/psoecanarias.com\/web\/wp-json\/wp\/v2\/pages\/61984\/revisions"}],"predecessor-version":[{"id":63321,"href":"https:\/\/psoecanarias.com\/web\/wp-json\/wp\/v2\/pages\/61984\/revisions\/63321"}],"wp:featuredmedia":[{"embeddable":true,"href":"https:\/\/psoecanarias.com\/web\/wp-json\/wp\/v2\/media\/8406"}],"wp:attachment":[{"href":"https:\/\/psoecanarias.com\/web\/wp-json\/wp\/v2\/media?parent=61984"}],"curies":[{"name":"wp","href":"https:\/\/api.w.org\/{rel}","templated":true}]}}