{"id":62803,"date":"2026-01-09T10:56:00","date_gmt":"2026-01-09T10:56:00","guid":{"rendered":"https:\/\/psoecanarias.com\/web\/?page_id=62803"},"modified":"2026-01-19T10:00:50","modified_gmt":"2026-01-19T10:00:50","slug":"evaluaciones-en-materia-de-transparencia","status":"publish","type":"page","link":"https:\/\/psoecanarias.com\/web\/evaluaciones-en-materia-de-transparencia\/","title":{"rendered":"Evaluaciones en materia de transparencia"},"content":{"rendered":"<p><strong>Informes de la evaluaci\u00f3n en el marco del \u00cdndice de Transparencia de Canarias (ITCanarias) del Comisionado de Transparencia y Acceso a la Informaci\u00f3n P\u00fablica de Canarias<\/strong><\/p>\n<ul>\n<li><a href=\"https:\/\/psoecanarias.com\/web\/wp-content\/uploads\/2026\/01\/informe-provisional-evaluacion.pdf\">Informe provisional a\u00f1o 2024 (PDF)<\/a> \/ <a href=\"https:\/\/psoecanarias.com\/web\/wp-content\/uploads\/2026\/01\/informe-provisional-evaluacion.odt\">Informe provisional a\u00f1o 2024 (ODT)<\/a><\/li>\n<\/ul>\n","protected":false},"excerpt":{"rendered":"<p>Informes de la evaluaci\u00f3n en el marco del \u00cdndice de Transparencia de Canarias (ITCanarias) del Comisionado de Transparencia y Acceso a la Informaci\u00f3n P\u00fablica de Canarias Informe provisional a\u00f1o 2024 (PDF) \/ Informe provisional a\u00f1o 2024 (ODT)<\/p>\n","protected":false},"author":1,"featured_media":8406,"parent":0,"menu_order":0,"comment_status":"closed","ping_status":"closed","template":"","meta":{"footnotes":""},"class_list":["post-62803","page","type-page","status-publish","has-post-thumbnail","hentry"],"featured_image_src":"https:\/\/psoecanarias.com\/web\/wp-content\/uploads\/2020\/03\/thumb_noimages.jpg","yoast_head":"<!-- This site is optimized with the Yoast SEO plugin v27.2 - https:\/\/yoast.com\/product\/yoast-seo-wordpress\/ -->\n<title>Evaluaciones en materia de transparencia | PSOE Canarias<\/title>\n<meta name=\"robots\" content=\"index, follow, max-snippet:-1, max-image-preview:large, max-video-preview:-1\" \/>\n<link rel=\"canonical\" href=\"https:\/\/psoecanarias.com\/web\/evaluaciones-en-materia-de-transparencia\/\" \/>\n<meta property=\"og:locale\" content=\"es_ES\" \/>\n<meta property=\"og:type\" content=\"article\" \/>\n<meta property=\"og:title\" content=\"Evaluaciones en materia de transparencia | PSOE Canarias\" \/>\n<meta property=\"og:description\" content=\"Informes de la evaluaci\u00f3n en el marco del \u00cdndice de Transparencia de Canarias (ITCanarias) del Comisionado de Transparencia y Acceso a la Informaci\u00f3n P\u00fablica de Canarias Informe provisional a\u00f1o 2024 (PDF) \/ Informe provisional a\u00f1o 2024 (ODT)\" \/>\n<meta property=\"og:url\" content=\"https:\/\/psoecanarias.com\/web\/evaluaciones-en-materia-de-transparencia\/\" \/>\n<meta property=\"og:site_name\" content=\"PSOE Canarias\" \/>\n<meta property=\"article:modified_time\" content=\"2026-01-19T10:00:50+00:00\" \/>\n<meta name=\"twitter:card\" content=\"summary_large_image\" \/>\n<script type=\"application\/ld+json\" class=\"yoast-schema-graph\">{\"@context\":\"https:\/\/schema.org\",\"@graph\":[{\"@type\":\"WebPage\",\"@id\":\"https:\/\/psoecanarias.com\/web\/evaluaciones-en-materia-de-transparencia\/\",\"url\":\"https:\/\/psoecanarias.com\/web\/evaluaciones-en-materia-de-transparencia\/\",\"name\":\"Evaluaciones en materia de transparencia | PSOE Canarias\",\"isPartOf\":{\"@id\":\"https:\/\/psoecanarias.com\/web\/#website\"},\"primaryImageOfPage\":{\"@id\":\"https:\/\/psoecanarias.com\/web\/evaluaciones-en-materia-de-transparencia\/#primaryimage\"},\"image\":{\"@id\":\"https:\/\/psoecanarias.com\/web\/evaluaciones-en-materia-de-transparencia\/#primaryimage\"},\"thumbnailUrl\":\"https:\/\/psoecanarias.com\/web\/wp-content\/uploads\/2020\/03\/thumb_noimages.jpg\",\"datePublished\":\"2026-01-09T10:56:00+00:00\",\"dateModified\":\"2026-01-19T10:00:50+00:00\",\"breadcrumb\":{\"@id\":\"https:\/\/psoecanarias.com\/web\/evaluaciones-en-materia-de-transparencia\/#breadcrumb\"},\"inLanguage\":\"es\",\"potentialAction\":[{\"@type\":\"ReadAction\",\"target\":[\"https:\/\/psoecanarias.com\/web\/evaluaciones-en-materia-de-transparencia\/\"]}]},{\"@type\":\"ImageObject\",\"inLanguage\":\"es\",\"@id\":\"https:\/\/psoecanarias.com\/web\/evaluaciones-en-materia-de-transparencia\/#primaryimage\",\"url\":\"https:\/\/psoecanarias.com\/web\/wp-content\/uploads\/2020\/03\/thumb_noimages.jpg\",\"contentUrl\":\"https:\/\/psoecanarias.com\/web\/wp-content\/uploads\/2020\/03\/thumb_noimages.jpg\",\"width\":303,\"height\":200},{\"@type\":\"BreadcrumbList\",\"@id\":\"https:\/\/psoecanarias.com\/web\/evaluaciones-en-materia-de-transparencia\/#breadcrumb\",\"itemListElement\":[{\"@type\":\"ListItem\",\"position\":1,\"name\":\"Portada\",\"item\":\"https:\/\/psoecanarias.com\/web\/\"},{\"@type\":\"ListItem\",\"position\":2,\"name\":\"Evaluaciones en materia de transparencia\"}]},{\"@type\":\"WebSite\",\"@id\":\"https:\/\/psoecanarias.com\/web\/#website\",\"url\":\"https:\/\/psoecanarias.com\/web\/\",\"name\":\"PSOE Canarias\",\"description\":\"Partido Socialista Obrero Espa\u00f1ol Canarias\",\"potentialAction\":[{\"@type\":\"SearchAction\",\"target\":{\"@type\":\"EntryPoint\",\"urlTemplate\":\"https:\/\/psoecanarias.com\/web\/?s={search_term_string}\"},\"query-input\":{\"@type\":\"PropertyValueSpecification\",\"valueRequired\":true,\"valueName\":\"search_term_string\"}}],\"inLanguage\":\"es\"}]}<\/script>\n<!-- \/ Yoast SEO plugin. -->","yoast_head_json":{"title":"Evaluaciones en materia de transparencia | PSOE Canarias","robots":{"index":"index","follow":"follow","max-snippet":"max-snippet:-1","max-image-preview":"max-image-preview:large","max-video-preview":"max-video-preview:-1"},"canonical":"https:\/\/psoecanarias.com\/web\/evaluaciones-en-materia-de-transparencia\/","og_locale":"es_ES","og_type":"article","og_title":"Evaluaciones en materia de transparencia | PSOE Canarias","og_description":"Informes de la evaluaci\u00f3n en el marco del \u00cdndice de Transparencia de Canarias (ITCanarias) del Comisionado de Transparencia y Acceso a la Informaci\u00f3n P\u00fablica de Canarias Informe provisional a\u00f1o 2024 (PDF) \/ Informe provisional a\u00f1o 2024 (ODT)","og_url":"https:\/\/psoecanarias.com\/web\/evaluaciones-en-materia-de-transparencia\/","og_site_name":"PSOE Canarias","article_modified_time":"2026-01-19T10:00:50+00:00","twitter_card":"summary_large_image","schema":{"@context":"https:\/\/schema.org","@graph":[{"@type":"WebPage","@id":"https:\/\/psoecanarias.com\/web\/evaluaciones-en-materia-de-transparencia\/","url":"https:\/\/psoecanarias.com\/web\/evaluaciones-en-materia-de-transparencia\/","name":"Evaluaciones en materia de transparencia | PSOE Canarias","isPartOf":{"@id":"https:\/\/psoecanarias.com\/web\/#website"},"primaryImageOfPage":{"@id":"https:\/\/psoecanarias.com\/web\/evaluaciones-en-materia-de-transparencia\/#primaryimage"},"image":{"@id":"https:\/\/psoecanarias.com\/web\/evaluaciones-en-materia-de-transparencia\/#primaryimage"},"thumbnailUrl":"https:\/\/psoecanarias.com\/web\/wp-content\/uploads\/2020\/03\/thumb_noimages.jpg","datePublished":"2026-01-09T10:56:00+00:00","dateModified":"2026-01-19T10:00:50+00:00","breadcrumb":{"@id":"https:\/\/psoecanarias.com\/web\/evaluaciones-en-materia-de-transparencia\/#breadcrumb"},"inLanguage":"es","potentialAction":[{"@type":"ReadAction","target":["https:\/\/psoecanarias.com\/web\/evaluaciones-en-materia-de-transparencia\/"]}]},{"@type":"ImageObject","inLanguage":"es","@id":"https:\/\/psoecanarias.com\/web\/evaluaciones-en-materia-de-transparencia\/#primaryimage","url":"https:\/\/psoecanarias.com\/web\/wp-content\/uploads\/2020\/03\/thumb_noimages.jpg","contentUrl":"https:\/\/psoecanarias.com\/web\/wp-content\/uploads\/2020\/03\/thumb_noimages.jpg","width":303,"height":200},{"@type":"BreadcrumbList","@id":"https:\/\/psoecanarias.com\/web\/evaluaciones-en-materia-de-transparencia\/#breadcrumb","itemListElement":[{"@type":"ListItem","position":1,"name":"Portada","item":"https:\/\/psoecanarias.com\/web\/"},{"@type":"ListItem","position":2,"name":"Evaluaciones en materia de transparencia"}]},{"@type":"WebSite","@id":"https:\/\/psoecanarias.com\/web\/#website","url":"https:\/\/psoecanarias.com\/web\/","name":"PSOE Canarias","description":"Partido Socialista Obrero Espa\u00f1ol Canarias","potentialAction":[{"@type":"SearchAction","target":{"@type":"EntryPoint","urlTemplate":"https:\/\/psoecanarias.com\/web\/?s={search_term_string}"},"query-input":{"@type":"PropertyValueSpecification","valueRequired":true,"valueName":"search_term_string"}}],"inLanguage":"es"}]}},"_links":{"self":[{"href":"https:\/\/psoecanarias.com\/web\/wp-json\/wp\/v2\/pages\/62803","targetHints":{"allow":["GET"]}}],"collection":[{"href":"https:\/\/psoecanarias.com\/web\/wp-json\/wp\/v2\/pages"}],"about":[{"href":"https:\/\/psoecanarias.com\/web\/wp-json\/wp\/v2\/types\/page"}],"author":[{"embeddable":true,"href":"https:\/\/psoecanarias.com\/web\/wp-json\/wp\/v2\/users\/1"}],"replies":[{"embeddable":true,"href":"https:\/\/psoecanarias.com\/web\/wp-json\/wp\/v2\/comments?post=62803"}],"version-history":[{"count":3,"href":"https:\/\/psoecanarias.com\/web\/wp-json\/wp\/v2\/pages\/62803\/revisions"}],"predecessor-version":[{"id":63102,"href":"https:\/\/psoecanarias.com\/web\/wp-json\/wp\/v2\/pages\/62803\/revisions\/63102"}],"wp:featuredmedia":[{"embeddable":true,"href":"https:\/\/psoecanarias.com\/web\/wp-json\/wp\/v2\/media\/8406"}],"wp:attachment":[{"href":"https:\/\/psoecanarias.com\/web\/wp-json\/wp\/v2\/media?parent=62803"}],"curies":[{"name":"wp","href":"https:\/\/api.w.org\/{rel}","templated":true}]}}