{"id":8354,"date":"2020-03-15T10:26:33","date_gmt":"2020-03-15T10:26:33","guid":{"rendered":"http:\/\/psoecanarias.com\/web\/?page_id=8354"},"modified":"2020-03-15T10:26:33","modified_gmt":"2020-03-15T10:26:33","slug":"senado","status":"publish","type":"page","link":"https:\/\/psoecanarias.com\/web\/senado\/","title":{"rendered":"Senado"},"content":{"rendered":"    <style type=\"text\/css\">\n    \t\t\t#post-grid-8342 .element_1661907049564{display: block;font-size: 13px;line-height: normal;padding: 5px 10px;text-align: left;}\n\t\t\t\t\t\t#post-grid-8342 .element_1661907052574{display: block;font-size: 13px;line-height: normal;padding: 5px 10px;text-align: left;}\n\t\t\t#post-grid-8342 .element_1661907049564:hover{}#post-grid-8342 .element_1661907052574:hover{}#post-grid-8342 .item{\n\t\t\tbackground:#fff;\n\t\n\t\t\t}<\/style><style type=\"text\/css\">#post-grid-8342 .pagination .page-numbers, #post-grid-8342 .pagination .pager, #post-grid-8342 .paginate.next-previous a{\n\t\t\n\t\tfont-size:16px;\t\t\n\t\tcolor:#fff;\t\t\n\t\tbackground:#646464;\n\t\t\n\t\t\n\t\t}#post-grid-8342 .pagination .page-numbers:hover, #post-grid-8342 .pagination .page-numbers.current, #post-grid-8342 .pagination .pager.active{\n\t\tbackground:#4b4b4b;\n\t\t}#post-grid-8342 .nav-filter .filter{\n\t\t\n\t\tfont-size:17px;\t\t\n\t\tcolor:#fff;\t\t\n\t\tbackground:#646464;\n\t\tmargin:5px;\n\n\t\t}#post-grid-8342 .nav-filter .filter:hover, #post-grid-8342 .nav-filter .filter.active{\n\t\tbackground:#4b4b4b;\n\t\t}#post-grid-8342 .owl-dots .owl-dot {\n\t\t\tbackground: #e6e6e6 none repeat scroll 0 0;\n\t\t\t\t \n\t\t\t}#post-grid-8342 {\n\t\t\tpadding:10px;\n\t\t\tbackground:  url() repeat scroll 0 0;\n\t\t}#post-grid-8342 .item .layer-media{height:auto;overflow: hidden;\n\t\t}#post-grid-8342 .item{\n\t\tmargin:10px;\n\t\tpadding:0px;\n\t\t}@media only screen and (min-width: 1024px ) {#post-grid-8342 .item{height:auto;}}@media only screen and ( min-width: 768px ) and ( max-width: 1023px ) {#post-grid-8342 .item{max-height:auto;}}@media only screen and ( min-width: 0px ) and ( max-width: 767px ){#post-grid-8342 .item{height:auto;}}\n\t@media only screen and (min-width: 1024px ) {\n\t#post-grid-8342 .item{width:100%}\n\t\n\t}\n\t\n\t@media only screen and ( min-width: 768px ) and ( max-width: 1023px ) {\n\t#post-grid-8342 .item{width:100%}\n\t}\n\t\n\t@media only screen and ( max-width: 767px ) {\n\t#post-grid-8342 .item{width:100%}\n\t}    <\/style>\n        <div id=\"post-grid-lazy-8342\" class=\"post-grid-lazy\"><img decoding=\"async\" src=\"\"\/><\/div>\n        <script>\n            jQuery('#post-grid-lazy-8342').ready(function($){\n                jQuery('#post-grid-lazy-8342').fadeOut();\n                jQuery('#post-grid-8342').fadeIn();\n            })\n        <\/script>\n        <style type=\"text\/css\">#post-grid-8342{display: none;}<\/style>\n        \t\n<script>\n    post_grid_masonry_enable = \"no\";\n<\/script>\n\n<div id=\"post-grid-8342\" class=\"post-grid grid\">\n    <div class=\"grid-nav-top\">\n            <\/div>\n\n\n\n           <div class=\"grid-items-wrap\">\n            <div class=\"grid-items\">\n            <div class=\"item item-40670 skin flat even\">\n                    <div class=\"layer-wrapper\">\n                        \t\n    <div class=\"layer-media\"><img decoding=\"async\" alt=\"\" src=\"https:\/\/psoecanarias.com\/web\/wp-content\/uploads\/2023\/09\/Kilian-Sanchez.jpg\" \/><\/div>                                <div class=\"layer-content foo\">\n                                <span style='margin-bottom:4px;padding-bottom:4px;border-bottom:1px solid #ed2c33;color: #000000;display:block;font-weight:bold;' >Kilian S\u00e1nchez Sanju\u00e1n<\/span><div><p>Senador por la isla de La Palma. T\u00e9cnico superior en Integraci\u00f3n Social y trabajador social. Ha sido director del \u00c1rea de Salud de La Palma del Gobierno de Canarias. ( <a href=\"https:\/\/www.senado.es\/web\/composicionorganizacion\/senadores\/composicionsenado\/fichasenador\/index.html?id1=19903&amp;legis=15\" target=\"_blank\" rel=\"noopener\">+ informaci\u00f3n<\/a> )<\/p>\n<\/div>                        \t<\/div>\n                    <\/div> <!-- .$item_css_class -->\n                <\/div> <!-- .layer-wrapper -->\n                <div class=\"item item-40669 skin flat odd\">\n                    <div class=\"layer-wrapper\">\n                        \t\n    <div class=\"layer-media\"><img decoding=\"async\" alt=\"\" src=\"https:\/\/psoecanarias.com\/web\/wp-content\/uploads\/2023\/09\/Marta-Saavedra.jpg\" \/><\/div>                                <div class=\"layer-content foo\">\n                                <span style='margin-bottom:4px;padding-bottom:4px;border-bottom:1px solid #ed2c33;color: #000000;display:block;font-weight:bold;' >Marta Saavedra<\/span><div><p>Senadora por la isla de Gran Canaria. Diplomada en Turismo y estudios de Traducci\u00f3n e Interpretaci\u00f3n. Ha sido directora general de Transparencia y Participaci\u00f3n Ciudadana del Gobierno de Canarias. ( <a href=\"https:\/\/www.senado.es\/web\/composicionorganizacion\/senadores\/composicionsenado\/fichasenador\/index.html?id1=19901&amp;legis=15&amp;id2=g\" target=\"_blank\" rel=\"noopener\">+ informaci\u00f3n<\/a> )<\/p>\n<\/div>                        \t<\/div>\n                    <\/div> <!-- .$item_css_class -->\n                <\/div> <!-- .layer-wrapper -->\n                <div class=\"item item-40668 skin flat even\">\n                    <div class=\"layer-wrapper\">\n                        \t\n    <div class=\"layer-media\"><img decoding=\"async\" alt=\"\" src=\"https:\/\/psoecanarias.com\/web\/wp-content\/uploads\/2023\/09\/Pedro-Martin.jpg\" \/><\/div>                                <div class=\"layer-content foo\">\n                                <span style='margin-bottom:4px;padding-bottom:4px;border-bottom:1px solid #ed2c33;color: #000000;display:block;font-weight:bold;' >Pedro Mart\u00edn<\/span><div><p>Senador por la isla de Tenerife. Licenciado en Psicolog\u00eda. Ha sido alcalde de Gu\u00eda de Isora, presidente del Cabildo de Tenerife y diputado regional. ( <a href=\"https:\/\/www.senado.es\/web\/composicionorganizacion\/senadores\/composicionsenado\/fichasenador\/index.html?id1=19904&amp;legis=15&amp;id2=g\" target=\"_blank\" rel=\"noopener\">+ informaci\u00f3n<\/a> )<\/p>\n<\/div>                        \t<\/div>\n                    <\/div> <!-- .$item_css_class -->\n                <\/div> <!-- .layer-wrapper -->\n                <div class=\"item item-40667 skin flat odd\">\n                    <div class=\"layer-wrapper\">\n                        \t\n    <div class=\"layer-media\"><img decoding=\"async\" alt=\"\" src=\"https:\/\/psoecanarias.com\/web\/wp-content\/uploads\/2023\/09\/Marta-Arocha.jpg\" \/><\/div>                                <div class=\"layer-content foo\">\n                                <span style='margin-bottom:4px;padding-bottom:4px;border-bottom:1px solid #ed2c33;color: #000000;display:block;font-weight:bold;' >Marta Arocha Correa<\/span><div><p>Senadora por la isla de Tenerife. Licenciada en Derecho y t\u00e9cnico de Administraci\u00f3n General. Ha sido concejala en Santa Cruz de Tenerife, directora insular de Vivienda y directora general de Dependencia y Discapacidad del Gobierno de Canarias ( <a href=\"https:\/\/www.senado.es\/web\/composicionorganizacion\/senadores\/composicionsenado\/fichasenador\/index.html?id1=19942&amp;legis=15\" target=\"_blank\" rel=\"noopener\">+ informaci\u00f3n<\/a> )<\/p>\n<\/div>                        \t<\/div>\n                    <\/div> <!-- .$item_css_class -->\n                <\/div> <!-- .layer-wrapper -->\n                <div class=\"item item-40666 skin flat even\">\n                    <div class=\"layer-wrapper\">\n                        \t\n    <div class=\"layer-media\"><img decoding=\"async\" alt=\"\" src=\"https:\/\/psoecanarias.com\/web\/wp-content\/uploads\/2023\/09\/Valbuena.jpg\" \/><\/div>                                <div class=\"layer-content foo\">\n                                <span style='margin-bottom:4px;padding-bottom:4px;border-bottom:1px solid #ed2c33;color: #000000;display:block;font-weight:bold;' >Jos\u00e9 Antonio Valbuena<\/span><div><p>Senador por designaci\u00f3n auton\u00f3mica. Arquitecto T\u00e9cnico en Ejecuci\u00f3n de Obras. Ha sido concejal en La Laguna, consejero insular de Vivienda, Seguridad y Medio Ambiente y consejero de Acci\u00f3n Ecol\u00f3gica del Gobierno de Canarias (<a href=\"https:\/\/www.senado.es\/web\/composicionorganizacion\/senadores\/composicionsenado\/fichasenador\/index.html?id1=18226&amp;legis=15&amp;id2=g\" target=\"_blank\" rel=\"noopener\">+ informaci\u00f3n<\/a>)<\/p>\n<\/div>                        \t<\/div>\n                    <\/div> <!-- .$item_css_class -->\n                <\/div> <!-- .layer-wrapper -->\n                <div class=\"item item-8304 skin flat odd\">\n                    <div class=\"layer-wrapper\">\n                        \t\n    <div class=\"layer-media\"><img decoding=\"async\" alt=\"\" src=\"https:\/\/psoecanarias.com\/web\/wp-content\/uploads\/2023\/09\/Paloma-Hernandez.jpg\" \/><\/div>                                <div class=\"layer-content foo\">\n                                <span style='margin-bottom:4px;padding-bottom:4px;border-bottom:1px solid #ed2c33;color: #000000;display:block;font-weight:bold;' >Paloma Hern\u00e1ndez Cerezo<\/span><div><p>Senadora por la isla de Fuerteventura. Licenciada en Filolog\u00eda Inglesa. Ha sido concejala en Puerto del Rosario, diputada nacional y senadora desde 2019. (<a href=\"https:\/\/www.senado.es\/web\/composicionorganizacion\/senadores\/composicionsenado\/fichasenador\/index.html?id1=18193&amp;legis=15&amp;id2=g\">+ informaci\u00f3n<\/a>)<\/p>\n<\/div>                        \t<\/div>\n                    <\/div> <!-- .$item_css_class -->\n                <\/div> <!-- .layer-wrapper -->\n                <div class=\"item item-8303 skin flat even\">\n                    <div class=\"layer-wrapper\">\n                        \t\n    <div class=\"layer-media\"><img decoding=\"async\" alt=\"\" src=\"https:\/\/psoecanarias.com\/web\/wp-content\/uploads\/2023\/09\/Fajardo.jpg\" \/><\/div>                                <div class=\"layer-content foo\">\n                                <span style='margin-bottom:4px;padding-bottom:4px;border-bottom:1px solid #ed2c33;color: #000000;display:block;font-weight:bold;' >Manuel Fajardo<\/span><div><p>Senador por la isla de Lanzarote. Licenciado en Derecho. Ha sido diputado regional, vicepresidente y consejero del Cabildo de Lanzarote y viceconsejero de Justicia del Gobierno de Canarias. \u00a0(<a href=\"https:\/\/www.senado.es\/web\/composicionorganizacion\/senadores\/composicionsenado\/fichasenador\/index.html?id1=18200&amp;legis=15&amp;id2=g\">+ informaci\u00f3n<\/a>)<\/p>\n<\/div>                        \t<\/div>\n                    <\/div> <!-- .$item_css_class -->\n                <\/div> <!-- .layer-wrapper -->\n                <div class=\"item item-8302 skin flat odd\">\n                    <div class=\"layer-wrapper\">\n                        \t\n    <div class=\"layer-media\"><img decoding=\"async\" alt=\"\" src=\"https:\/\/psoecanarias.com\/web\/wp-content\/uploads\/2023\/09\/Ramon-Morales.jpg\" \/><\/div>                                <div class=\"layer-content foo\">\n                                <span style='margin-bottom:4px;padding-bottom:4px;border-bottom:1px solid #ed2c33;color: #000000;display:block;font-weight:bold;' >Ram\u00f3n Morales Quesada<\/span><div><p>Senador por la isla de Gran Canaria. Grado en Magisterio y diplomado en altos estudios de la Defensa Nacional. Ha sido concejal en Ingenio y senador desde 2019. (<a href=\"https:\/\/www.senado.es\/web\/composicionorganizacion\/senadores\/composicionsenado\/fichasenador\/index.html?id1=18298&amp;legis=15\">+ informaci\u00f3n<\/a>)<\/p>\n<\/div>                        \t<\/div>\n                    <\/div> <!-- .$item_css_class -->\n                <\/div> <!-- .layer-wrapper -->\n                            <\/div><!-- .grid-items -->\n        <\/div><!-- .grid-items-wrap -->\n        <div class=\"grid-nav-bottom\">\n            <div class=\"pagination\">\n        <div class=\"paginate\">\n                <\/div >\n        <\/div >\n        <\/div> <!-- End .grid-nav-bottom -->\n        \n\n\n    \n<script>\n    <\/script>\n\t<script>\n\t\t    \n    <\/script><\/div><!-- End .post-grid -->\n\n","protected":false},"excerpt":{"rendered":"","protected":false},"author":1,"featured_media":8406,"parent":0,"menu_order":0,"comment_status":"closed","ping_status":"closed","template":"","meta":{"footnotes":""},"class_list":["post-8354","page","type-page","status-publish","has-post-thumbnail","hentry"],"featured_image_src":"https:\/\/psoecanarias.com\/web\/wp-content\/uploads\/2020\/03\/thumb_noimages.jpg","yoast_head":"<!-- This site is optimized with the Yoast SEO plugin v27.2 - https:\/\/yoast.com\/product\/yoast-seo-wordpress\/ -->\n<title>Senado | PSOE Canarias<\/title>\n<meta name=\"robots\" content=\"index, follow, max-snippet:-1, max-image-preview:large, max-video-preview:-1\" \/>\n<link rel=\"canonical\" href=\"https:\/\/psoecanarias.com\/web\/senado\/\" \/>\n<meta property=\"og:locale\" content=\"es_ES\" \/>\n<meta property=\"og:type\" content=\"article\" \/>\n<meta property=\"og:title\" content=\"Senado | PSOE Canarias\" \/>\n<meta property=\"og:url\" content=\"https:\/\/psoecanarias.com\/web\/senado\/\" \/>\n<meta property=\"og:site_name\" content=\"PSOE Canarias\" \/>\n<meta property=\"og:image\" content=\"https:\/\/psoecanarias.com\/web\/wp-content\/uploads\/2020\/03\/thumb_noimages.jpg\" \/>\n\t<meta property=\"og:image:width\" content=\"303\" \/>\n\t<meta property=\"og:image:height\" content=\"200\" \/>\n\t<meta property=\"og:image:type\" content=\"image\/jpeg\" \/>\n<meta name=\"twitter:card\" content=\"summary_large_image\" \/>\n<script type=\"application\/ld+json\" class=\"yoast-schema-graph\">{\"@context\":\"https:\/\/schema.org\",\"@graph\":[{\"@type\":\"WebPage\",\"@id\":\"https:\/\/psoecanarias.com\/web\/senado\/\",\"url\":\"https:\/\/psoecanarias.com\/web\/senado\/\",\"name\":\"Senado | PSOE Canarias\",\"isPartOf\":{\"@id\":\"https:\/\/psoecanarias.com\/web\/#website\"},\"primaryImageOfPage\":{\"@id\":\"https:\/\/psoecanarias.com\/web\/senado\/#primaryimage\"},\"image\":{\"@id\":\"https:\/\/psoecanarias.com\/web\/senado\/#primaryimage\"},\"thumbnailUrl\":\"https:\/\/psoecanarias.com\/web\/wp-content\/uploads\/2020\/03\/thumb_noimages.jpg\",\"datePublished\":\"2020-03-15T10:26:33+00:00\",\"breadcrumb\":{\"@id\":\"https:\/\/psoecanarias.com\/web\/senado\/#breadcrumb\"},\"inLanguage\":\"es\",\"potentialAction\":[{\"@type\":\"ReadAction\",\"target\":[\"https:\/\/psoecanarias.com\/web\/senado\/\"]}]},{\"@type\":\"ImageObject\",\"inLanguage\":\"es\",\"@id\":\"https:\/\/psoecanarias.com\/web\/senado\/#primaryimage\",\"url\":\"https:\/\/psoecanarias.com\/web\/wp-content\/uploads\/2020\/03\/thumb_noimages.jpg\",\"contentUrl\":\"https:\/\/psoecanarias.com\/web\/wp-content\/uploads\/2020\/03\/thumb_noimages.jpg\",\"width\":303,\"height\":200},{\"@type\":\"BreadcrumbList\",\"@id\":\"https:\/\/psoecanarias.com\/web\/senado\/#breadcrumb\",\"itemListElement\":[{\"@type\":\"ListItem\",\"position\":1,\"name\":\"Portada\",\"item\":\"https:\/\/psoecanarias.com\/web\/\"},{\"@type\":\"ListItem\",\"position\":2,\"name\":\"Senado\"}]},{\"@type\":\"WebSite\",\"@id\":\"https:\/\/psoecanarias.com\/web\/#website\",\"url\":\"https:\/\/psoecanarias.com\/web\/\",\"name\":\"PSOE Canarias\",\"description\":\"Partido Socialista Obrero Espa\u00f1ol Canarias\",\"potentialAction\":[{\"@type\":\"SearchAction\",\"target\":{\"@type\":\"EntryPoint\",\"urlTemplate\":\"https:\/\/psoecanarias.com\/web\/?s={search_term_string}\"},\"query-input\":{\"@type\":\"PropertyValueSpecification\",\"valueRequired\":true,\"valueName\":\"search_term_string\"}}],\"inLanguage\":\"es\"}]}<\/script>\n<!-- \/ Yoast SEO plugin. -->","yoast_head_json":{"title":"Senado | PSOE Canarias","robots":{"index":"index","follow":"follow","max-snippet":"max-snippet:-1","max-image-preview":"max-image-preview:large","max-video-preview":"max-video-preview:-1"},"canonical":"https:\/\/psoecanarias.com\/web\/senado\/","og_locale":"es_ES","og_type":"article","og_title":"Senado | PSOE Canarias","og_url":"https:\/\/psoecanarias.com\/web\/senado\/","og_site_name":"PSOE Canarias","og_image":[{"width":303,"height":200,"url":"https:\/\/psoecanarias.com\/web\/wp-content\/uploads\/2020\/03\/thumb_noimages.jpg","type":"image\/jpeg"}],"twitter_card":"summary_large_image","schema":{"@context":"https:\/\/schema.org","@graph":[{"@type":"WebPage","@id":"https:\/\/psoecanarias.com\/web\/senado\/","url":"https:\/\/psoecanarias.com\/web\/senado\/","name":"Senado | PSOE Canarias","isPartOf":{"@id":"https:\/\/psoecanarias.com\/web\/#website"},"primaryImageOfPage":{"@id":"https:\/\/psoecanarias.com\/web\/senado\/#primaryimage"},"image":{"@id":"https:\/\/psoecanarias.com\/web\/senado\/#primaryimage"},"thumbnailUrl":"https:\/\/psoecanarias.com\/web\/wp-content\/uploads\/2020\/03\/thumb_noimages.jpg","datePublished":"2020-03-15T10:26:33+00:00","breadcrumb":{"@id":"https:\/\/psoecanarias.com\/web\/senado\/#breadcrumb"},"inLanguage":"es","potentialAction":[{"@type":"ReadAction","target":["https:\/\/psoecanarias.com\/web\/senado\/"]}]},{"@type":"ImageObject","inLanguage":"es","@id":"https:\/\/psoecanarias.com\/web\/senado\/#primaryimage","url":"https:\/\/psoecanarias.com\/web\/wp-content\/uploads\/2020\/03\/thumb_noimages.jpg","contentUrl":"https:\/\/psoecanarias.com\/web\/wp-content\/uploads\/2020\/03\/thumb_noimages.jpg","width":303,"height":200},{"@type":"BreadcrumbList","@id":"https:\/\/psoecanarias.com\/web\/senado\/#breadcrumb","itemListElement":[{"@type":"ListItem","position":1,"name":"Portada","item":"https:\/\/psoecanarias.com\/web\/"},{"@type":"ListItem","position":2,"name":"Senado"}]},{"@type":"WebSite","@id":"https:\/\/psoecanarias.com\/web\/#website","url":"https:\/\/psoecanarias.com\/web\/","name":"PSOE Canarias","description":"Partido Socialista Obrero Espa\u00f1ol Canarias","potentialAction":[{"@type":"SearchAction","target":{"@type":"EntryPoint","urlTemplate":"https:\/\/psoecanarias.com\/web\/?s={search_term_string}"},"query-input":{"@type":"PropertyValueSpecification","valueRequired":true,"valueName":"search_term_string"}}],"inLanguage":"es"}]}},"_links":{"self":[{"href":"https:\/\/psoecanarias.com\/web\/wp-json\/wp\/v2\/pages\/8354","targetHints":{"allow":["GET"]}}],"collection":[{"href":"https:\/\/psoecanarias.com\/web\/wp-json\/wp\/v2\/pages"}],"about":[{"href":"https:\/\/psoecanarias.com\/web\/wp-json\/wp\/v2\/types\/page"}],"author":[{"embeddable":true,"href":"https:\/\/psoecanarias.com\/web\/wp-json\/wp\/v2\/users\/1"}],"replies":[{"embeddable":true,"href":"https:\/\/psoecanarias.com\/web\/wp-json\/wp\/v2\/comments?post=8354"}],"version-history":[{"count":1,"href":"https:\/\/psoecanarias.com\/web\/wp-json\/wp\/v2\/pages\/8354\/revisions"}],"predecessor-version":[{"id":8355,"href":"https:\/\/psoecanarias.com\/web\/wp-json\/wp\/v2\/pages\/8354\/revisions\/8355"}],"wp:featuredmedia":[{"embeddable":true,"href":"https:\/\/psoecanarias.com\/web\/wp-json\/wp\/v2\/media\/8406"}],"wp:attachment":[{"href":"https:\/\/psoecanarias.com\/web\/wp-json\/wp\/v2\/media?parent=8354"}],"curies":[{"name":"wp","href":"https:\/\/api.w.org\/{rel}","templated":true}]}}