{"id":8413,"date":"2020-03-15T16:50:39","date_gmt":"2020-03-15T16:50:39","guid":{"rendered":"http:\/\/psoecanarias.com\/web\/?page_id=8413"},"modified":"2025-05-29T12:03:08","modified_gmt":"2025-05-29T11:03:08","slug":"psoe-canarias-5","status":"publish","type":"page","link":"https:\/\/psoecanarias.com\/web\/psoe-canarias-5\/","title":{"rendered":"PSOE Canarias"},"content":{"rendered":"<table style=\"border-collapse: collapse; width: 100%; height: 307px;\">\n<tbody>\n<tr style=\"height: 307px;\">\n<td style=\"width: 50%; height: 307px;\">\n<h3 style=\"text-align: left;\">Sede en Tenerife<\/h3>\n<p style=\"text-align: left;\"><b>Direcci\u00f3n:<\/b> Avenida Islas Canarias, n\u00ba 136, 1er piso.<br \/>\n<b>C\u00f3digo Postal:<\/b> 38007 &#8211; Santa Cruz de Tenerife.<br \/>\n<b>Tel\u00e9fono:<\/b> 822 012 380<br \/>\n<b>Email:<\/b> <a href=\"mailto:cer@psoecanarias.com\">cer@psoecanarias.com<\/a><\/p>\n<\/td>\n<td style=\"width: 50%; height: 307px;\"><iframe loading=\"lazy\" style=\"border: 0;\" src=\"https:\/\/www.google.com\/maps\/embed?pb=!1m18!1m12!1m3!1d3507.4779352024384!2d-16.272378684921147!3d28.465149982484157!2m3!1f0!2f0!3f0!3m2!1i1024!2i768!4f13.1!3m3!1m2!1s0xc41cc8c1f375731%3A0x34b38dd25ee44251!2sAv.+Islas+Canarias%2C+136%2C+38007+Santa+Cruz+de+Tenerife!5e0!3m2!1ses!2ses!4v1517232654595\" width=\"400\" height=\"300\" frameborder=\"0\" allowfullscreen=\"allowfullscreen\"><\/iframe><\/td>\n<\/tr>\n<\/tbody>\n<\/table>\n<table style=\"border-collapse: collapse; width: 100%;\">\n<tbody>\n<tr>\n<td style=\"width: 50%;\">\n<h3 style=\"text-align: left;\">Sede en Gran Canaria<\/h3>\n<p style=\"text-align: left;\"><b>Direcci\u00f3n:<\/b> Avenida Juan XXIII, n.\u00ba 11, Local 2. (esquina con calle \u00c1ngel Guimer\u00e1).<br \/>\n<b>C\u00f3digo Postal:<\/b> 35004 &#8211; Las Palmas de Gran Canaria.<br \/>\n<b>Tel\u00e9fono:<\/b> 928 290 778.<br \/>\n<b>Email:<\/b> <a href=\"mailto:cergc@psoecanarias.com\">cergc@psoecanarias.com<\/a><\/p>\n<p>&nbsp;<\/td>\n<td style=\"width: 50%;\"><iframe loading=\"lazy\" style=\"border: 0;\" src=\"https:\/\/www.google.com\/maps\/embed?pb=!1m18!1m12!1m3!1d3518.9014057799086!2d-15.428223984471176!3d28.119034982623162!2m3!1f0!2f0!3f0!3m2!1i1024!2i768!4f13.1!3m3!1m2!1s0xc409575b7b8a9d9%3A0xc08c1a77c1781916!2sAv.%20Juan%20XXIII%2C%2011%2C%2035004%20Las%20Palmas%20de%20Gran%20Canaria%2C%20Las%20Palmas!5e0!3m2!1ses!2ses!4v1651666382861!5m2!1ses!2ses\" width=\"400\" height=\"300\" allowfullscreen=\"allowfullscreen\"><\/iframe><\/td>\n<\/tr>\n<\/tbody>\n<\/table>\n","protected":false},"excerpt":{"rendered":"<p>Sede en Tenerife Direcci\u00f3n: Avenida Islas Canarias, n\u00ba 136, 1er piso. C\u00f3digo Postal: 38007 &#8211; Santa Cruz de Tenerife. Tel\u00e9fono: 822 012 380 Email: cer@psoecanarias.com Sede en Gran Canaria Direcci\u00f3n: Avenida Juan XXIII, n.\u00ba 11, Local 2. (esquina con calle \u00c1ngel Guimer\u00e1). C\u00f3digo Postal: 35004 &#8211; Las Palmas de Gran Canaria. Tel\u00e9fono: 928 290 778. [&hellip;]<\/p>\n","protected":false},"author":1,"featured_media":8406,"parent":0,"menu_order":0,"comment_status":"closed","ping_status":"closed","template":"","meta":{"footnotes":""},"class_list":["post-8413","page","type-page","status-publish","has-post-thumbnail","hentry"],"featured_image_src":"https:\/\/psoecanarias.com\/web\/wp-content\/uploads\/2020\/03\/thumb_noimages.jpg","yoast_head":"<!-- This site is optimized with the Yoast SEO plugin v27.2 - https:\/\/yoast.com\/product\/yoast-seo-wordpress\/ -->\n<title>PSOE Canarias | PSOE Canarias<\/title>\n<meta name=\"robots\" content=\"index, follow, max-snippet:-1, max-image-preview:large, max-video-preview:-1\" \/>\n<link rel=\"canonical\" href=\"https:\/\/psoecanarias.com\/web\/psoe-canarias-5\/\" \/>\n<meta property=\"og:locale\" content=\"es_ES\" \/>\n<meta property=\"og:type\" content=\"article\" \/>\n<meta property=\"og:title\" content=\"PSOE Canarias | PSOE Canarias\" \/>\n<meta property=\"og:description\" content=\"Sede en Tenerife Direcci\u00f3n: Avenida Islas Canarias, n\u00ba 136, 1er piso. C\u00f3digo Postal: 38007 &#8211; Santa Cruz de Tenerife. Tel\u00e9fono: 822 012 380 Email: cer@psoecanarias.com Sede en Gran Canaria Direcci\u00f3n: Avenida Juan XXIII, n.\u00ba 11, Local 2. (esquina con calle \u00c1ngel Guimer\u00e1). C\u00f3digo Postal: 35004 &#8211; Las Palmas de Gran Canaria. Tel\u00e9fono: 928 290 778. [&hellip;]\" \/>\n<meta property=\"og:url\" content=\"https:\/\/psoecanarias.com\/web\/psoe-canarias-5\/\" \/>\n<meta property=\"og:site_name\" content=\"PSOE Canarias\" \/>\n<meta property=\"article:modified_time\" content=\"2025-05-29T11:03:08+00:00\" \/>\n<meta name=\"twitter:card\" content=\"summary_large_image\" \/>\n<script type=\"application\/ld+json\" class=\"yoast-schema-graph\">{\"@context\":\"https:\/\/schema.org\",\"@graph\":[{\"@type\":\"WebPage\",\"@id\":\"https:\/\/psoecanarias.com\/web\/psoe-canarias-5\/\",\"url\":\"https:\/\/psoecanarias.com\/web\/psoe-canarias-5\/\",\"name\":\"PSOE Canarias | PSOE Canarias\",\"isPartOf\":{\"@id\":\"https:\/\/psoecanarias.com\/web\/#website\"},\"primaryImageOfPage\":{\"@id\":\"https:\/\/psoecanarias.com\/web\/psoe-canarias-5\/#primaryimage\"},\"image\":{\"@id\":\"https:\/\/psoecanarias.com\/web\/psoe-canarias-5\/#primaryimage\"},\"thumbnailUrl\":\"https:\/\/psoecanarias.com\/web\/wp-content\/uploads\/2020\/03\/thumb_noimages.jpg\",\"datePublished\":\"2020-03-15T16:50:39+00:00\",\"dateModified\":\"2025-05-29T11:03:08+00:00\",\"breadcrumb\":{\"@id\":\"https:\/\/psoecanarias.com\/web\/psoe-canarias-5\/#breadcrumb\"},\"inLanguage\":\"es\",\"potentialAction\":[{\"@type\":\"ReadAction\",\"target\":[\"https:\/\/psoecanarias.com\/web\/psoe-canarias-5\/\"]}]},{\"@type\":\"ImageObject\",\"inLanguage\":\"es\",\"@id\":\"https:\/\/psoecanarias.com\/web\/psoe-canarias-5\/#primaryimage\",\"url\":\"https:\/\/psoecanarias.com\/web\/wp-content\/uploads\/2020\/03\/thumb_noimages.jpg\",\"contentUrl\":\"https:\/\/psoecanarias.com\/web\/wp-content\/uploads\/2020\/03\/thumb_noimages.jpg\",\"width\":303,\"height\":200},{\"@type\":\"BreadcrumbList\",\"@id\":\"https:\/\/psoecanarias.com\/web\/psoe-canarias-5\/#breadcrumb\",\"itemListElement\":[{\"@type\":\"ListItem\",\"position\":1,\"name\":\"Portada\",\"item\":\"https:\/\/psoecanarias.com\/web\/\"},{\"@type\":\"ListItem\",\"position\":2,\"name\":\"PSOE Canarias\"}]},{\"@type\":\"WebSite\",\"@id\":\"https:\/\/psoecanarias.com\/web\/#website\",\"url\":\"https:\/\/psoecanarias.com\/web\/\",\"name\":\"PSOE Canarias\",\"description\":\"Partido Socialista Obrero Espa\u00f1ol Canarias\",\"potentialAction\":[{\"@type\":\"SearchAction\",\"target\":{\"@type\":\"EntryPoint\",\"urlTemplate\":\"https:\/\/psoecanarias.com\/web\/?s={search_term_string}\"},\"query-input\":{\"@type\":\"PropertyValueSpecification\",\"valueRequired\":true,\"valueName\":\"search_term_string\"}}],\"inLanguage\":\"es\"}]}<\/script>\n<!-- \/ Yoast SEO plugin. -->","yoast_head_json":{"title":"PSOE Canarias | PSOE Canarias","robots":{"index":"index","follow":"follow","max-snippet":"max-snippet:-1","max-image-preview":"max-image-preview:large","max-video-preview":"max-video-preview:-1"},"canonical":"https:\/\/psoecanarias.com\/web\/psoe-canarias-5\/","og_locale":"es_ES","og_type":"article","og_title":"PSOE Canarias | PSOE Canarias","og_description":"Sede en Tenerife Direcci\u00f3n: Avenida Islas Canarias, n\u00ba 136, 1er piso. C\u00f3digo Postal: 38007 &#8211; Santa Cruz de Tenerife. Tel\u00e9fono: 822 012 380 Email: cer@psoecanarias.com Sede en Gran Canaria Direcci\u00f3n: Avenida Juan XXIII, n.\u00ba 11, Local 2. (esquina con calle \u00c1ngel Guimer\u00e1). C\u00f3digo Postal: 35004 &#8211; Las Palmas de Gran Canaria. Tel\u00e9fono: 928 290 778. [&hellip;]","og_url":"https:\/\/psoecanarias.com\/web\/psoe-canarias-5\/","og_site_name":"PSOE Canarias","article_modified_time":"2025-05-29T11:03:08+00:00","twitter_card":"summary_large_image","schema":{"@context":"https:\/\/schema.org","@graph":[{"@type":"WebPage","@id":"https:\/\/psoecanarias.com\/web\/psoe-canarias-5\/","url":"https:\/\/psoecanarias.com\/web\/psoe-canarias-5\/","name":"PSOE Canarias | PSOE Canarias","isPartOf":{"@id":"https:\/\/psoecanarias.com\/web\/#website"},"primaryImageOfPage":{"@id":"https:\/\/psoecanarias.com\/web\/psoe-canarias-5\/#primaryimage"},"image":{"@id":"https:\/\/psoecanarias.com\/web\/psoe-canarias-5\/#primaryimage"},"thumbnailUrl":"https:\/\/psoecanarias.com\/web\/wp-content\/uploads\/2020\/03\/thumb_noimages.jpg","datePublished":"2020-03-15T16:50:39+00:00","dateModified":"2025-05-29T11:03:08+00:00","breadcrumb":{"@id":"https:\/\/psoecanarias.com\/web\/psoe-canarias-5\/#breadcrumb"},"inLanguage":"es","potentialAction":[{"@type":"ReadAction","target":["https:\/\/psoecanarias.com\/web\/psoe-canarias-5\/"]}]},{"@type":"ImageObject","inLanguage":"es","@id":"https:\/\/psoecanarias.com\/web\/psoe-canarias-5\/#primaryimage","url":"https:\/\/psoecanarias.com\/web\/wp-content\/uploads\/2020\/03\/thumb_noimages.jpg","contentUrl":"https:\/\/psoecanarias.com\/web\/wp-content\/uploads\/2020\/03\/thumb_noimages.jpg","width":303,"height":200},{"@type":"BreadcrumbList","@id":"https:\/\/psoecanarias.com\/web\/psoe-canarias-5\/#breadcrumb","itemListElement":[{"@type":"ListItem","position":1,"name":"Portada","item":"https:\/\/psoecanarias.com\/web\/"},{"@type":"ListItem","position":2,"name":"PSOE Canarias"}]},{"@type":"WebSite","@id":"https:\/\/psoecanarias.com\/web\/#website","url":"https:\/\/psoecanarias.com\/web\/","name":"PSOE Canarias","description":"Partido Socialista Obrero Espa\u00f1ol Canarias","potentialAction":[{"@type":"SearchAction","target":{"@type":"EntryPoint","urlTemplate":"https:\/\/psoecanarias.com\/web\/?s={search_term_string}"},"query-input":{"@type":"PropertyValueSpecification","valueRequired":true,"valueName":"search_term_string"}}],"inLanguage":"es"}]}},"_links":{"self":[{"href":"https:\/\/psoecanarias.com\/web\/wp-json\/wp\/v2\/pages\/8413","targetHints":{"allow":["GET"]}}],"collection":[{"href":"https:\/\/psoecanarias.com\/web\/wp-json\/wp\/v2\/pages"}],"about":[{"href":"https:\/\/psoecanarias.com\/web\/wp-json\/wp\/v2\/types\/page"}],"author":[{"embeddable":true,"href":"https:\/\/psoecanarias.com\/web\/wp-json\/wp\/v2\/users\/1"}],"replies":[{"embeddable":true,"href":"https:\/\/psoecanarias.com\/web\/wp-json\/wp\/v2\/comments?post=8413"}],"version-history":[{"count":7,"href":"https:\/\/psoecanarias.com\/web\/wp-json\/wp\/v2\/pages\/8413\/revisions"}],"predecessor-version":[{"id":56847,"href":"https:\/\/psoecanarias.com\/web\/wp-json\/wp\/v2\/pages\/8413\/revisions\/56847"}],"wp:featuredmedia":[{"embeddable":true,"href":"https:\/\/psoecanarias.com\/web\/wp-json\/wp\/v2\/media\/8406"}],"wp:attachment":[{"href":"https:\/\/psoecanarias.com\/web\/wp-json\/wp\/v2\/media?parent=8413"}],"curies":[{"name":"wp","href":"https:\/\/api.w.org\/{rel}","templated":true}]}}